{"id":91,"date":"2018-08-09T12:35:35","date_gmt":"2018-08-09T12:35:35","guid":{"rendered":"https:\/\/demo.themeisle.com\/neve\/?page_id=2"},"modified":"2023-11-19T19:35:10","modified_gmt":"2023-11-19T18:35:10","slug":"df480-neve-home","status":"publish","type":"page","link":"https:\/\/info.linckx.de\/en\/","title":{"rendered":"Home"},"content":{"rendered":"\n<div class=\"wp-block-cover is-light has-parallax has-large-font-size\"><span aria-hidden=\"true\" class=\"wp-block-cover__background has-background-dim-20 has-background-dim\"><\/span><div role=\"img\" class=\"wp-block-cover__image-background wp-image-689 has-parallax\" style=\"background-position:50% 50%;background-image:url(https:\/\/info.linckx.de\/wp-content\/uploads\/2020\/02\/BOLLE-am-strand_1200.jpg)\"><\/div><div class=\"wp-block-cover__inner-container is-layout-flow wp-block-cover-is-layout-flow\">\n<p class=\"has-text-align-center has-white-color has-text-color has-large-font-size\" style=\"font-style:normal;font-weight:100\">Wir entwickeln Produkte mit Liebe und Leidenschaft!<\/p>\n<\/div><\/div>\n\n\n\n<div style=\"height:48px\" aria-hidden=\"true\" class=\"wp-block-spacer\"><\/div>\n\n\n\n<h2 class=\"wp-block-heading has-text-align-center\">Willkommen<\/h2>\n\n\n\n<p class=\"has-text-align-left\">&#8230; bei linckx.\u00ae Taschen und Accessoires. Hier sind alle Kollektionen zusammengefasst in einem Online-LOOKBOOK!<\/p>\n\n\n\n<p><\/p>\n\n\n\n<h2 class=\"wp-block-heading has-text-align-center\">Was uns wichtig ist<\/h2>\n\n\n\n<p>Unsere Taschen werden ausschlie\u00dflich in Deutschland entwickelt und hergestellt, in kleinen N\u00e4hbetrieben in Sachsen und Norddeutschland, und in unserer M\u00fcnchner Werkstatt. Wir legen Wert auf einen fairen Umgang mit unseren Produzenten und Zulieferern, ebenso wie auf einen konstruktiven, partnerschaftlichen Kontakt mit unseren Kunden. Wir versuchen, in allen Bereichen nachhaltig zu wirtschaften, N\u00e4heres Dazu erl\u00e4utern wir auf der Seite &#8222;\u00dcber Uns&#8220;.<\/p>\n\n\n\n<div class=\"wp-block-columns are-vertically-aligned-top is-layout-flex wp-container-core-columns-is-layout-28f84493 wp-block-columns-is-layout-flex\">\n<div class=\"wp-block-column is-vertically-aligned-top is-layout-flow wp-block-column-is-layout-flow\">\n<h3 class=\"wp-block-heading alignwide has-text-align-center\">nachhaltig<\/h3>\n\n\n<div class=\"wp-block-image\">\n<figure class=\"aligncenter size-full\"><img data-recalc-dims=\"1\" loading=\"lazy\" decoding=\"async\" width=\"150\" height=\"150\" src=\"https:\/\/i0.wp.com\/info.linckx.de\/wp-content\/uploads\/2020\/02\/HOME-Logos_150_blatt.png?resize=150%2C150&#038;ssl=1\" alt=\"\" class=\"wp-image-630\"\/><\/figure>\n<\/div>\n\n\n<p class=\"has-text-align-center\">Durch die kurzen Transportwege sparen wir CO\u00b2-Emissionen ein. Zudem verzichten wir bei unseren Produkten auf einzelne Umverpackungen aus Pappe oder Kunststoffh\u00fcllen. F\u00fcr den Versand benutzen wir gebrauchte Kartons, die wir von L\u00e4den aus der Nachbarschaft bekommen und so oft wie m\u00f6glich mehrfach verwenden.<\/p>\n\n\n\n<hr class=\"wp-block-separator has-alpha-channel-opacity\"\/>\n<\/div>\n\n\n\n<div class=\"wp-block-column is-vertically-aligned-top is-layout-flow wp-block-column-is-layout-flow\">\n<h3 class=\"wp-block-heading has-text-align-center\">fair<\/h3>\n\n\n<div class=\"wp-block-image\">\n<figure class=\"aligncenter size-full\"><img data-recalc-dims=\"1\" loading=\"lazy\" decoding=\"async\" width=\"150\" height=\"150\" src=\"https:\/\/i0.wp.com\/info.linckx.de\/wp-content\/uploads\/2020\/02\/HOME-Logos_150_hand.png?resize=150%2C150&#038;ssl=1\" alt=\"fair\" class=\"wp-image-632\"\/><\/figure>\n<\/div>\n\n\n<p class=\"has-text-align-center\">Unsere Produkte werden unter fairen Bedingungen produziert. Alle an der Herstellung beteiligten Firmen und Personen werden f\u00fcr ihre Arbeit fair und angemessen bezahlt. Auch was die Lieferanten der Zutaten und Zubeh\u00f6rteile betrifft, tun wir unser M\u00f6glichstes, um dies sicherzustellen.<\/p>\n\n\n\n<hr class=\"wp-block-separator has-alpha-channel-opacity\"\/>\n<\/div>\n\n\n\n<div class=\"wp-block-column is-vertically-aligned-top is-layout-flow wp-block-column-is-layout-flow\">\n<h3 class=\"wp-block-heading has-text-align-center\">made in Germany<\/h3>\n\n\n<div class=\"wp-block-image\">\n<figure class=\"aligncenter size-full\"><img data-recalc-dims=\"1\" loading=\"lazy\" decoding=\"async\" width=\"150\" height=\"150\" src=\"https:\/\/i0.wp.com\/info.linckx.de\/wp-content\/uploads\/2020\/02\/HOME-Logos_150_daumen.png?resize=150%2C150&#038;ssl=1\" alt=\"\" class=\"wp-image-631\"\/><\/figure>\n<\/div>\n\n\n<p class=\"has-text-align-center\">Mit der Produktion in Deutschland sorgen wir f\u00fcr kurze Kommunikations- und Transportwege, ebenso wie gro\u00dfe Flexibilit\u00e4t und kurze Lieferzeiten.<\/p>\n\n\n\n<hr class=\"wp-block-separator has-alpha-channel-opacity\"\/>\n<\/div>\n<\/div>\n\n\n\n<h3 class=\"wp-block-heading\">Das sagen unsere Kunden&#8230;<\/h3>\n\n\n\n<blockquote class=\"wp-block-quote is-layout-flow wp-block-quote-is-layout-flow\">\n<p><em>&#8222;Vielen Dank dass der Filzkorb BOBO nun so schnell zu mir kam. Er sieht super aus und passt perfekt unter meinen Tisch. Ein klasse Produkt. <\/em><em>Viele liebe Gr\u00fc\u00dfe, S. aus M\u00fcnchen&#8220;<\/em><\/p>\n<\/blockquote>\n\n\n\n<blockquote class=\"wp-block-quote is-layout-flow wp-block-quote-is-layout-flow\">\n<p><em>&#8222;Das Paket ist heute angekommen, meine Frau hat sich sehr \u00fcber die Zell.Stoff Tasche NURI gefreut! Beste Gr\u00fc\u00dfe, A.&#8220;<\/em><\/p>\n<\/blockquote>\n\n\n\n<blockquote class=\"wp-block-quote is-layout-flow wp-block-quote-is-layout-flow\">\n<p>&#8222;<i>Vor einigen Tagen erhielten wir die Botentasche MultiPack.03 und sind so begeistert im Gebrauch von Design und Tragekomfort, dass meine Frau spontan eine weitere Tasche, die Ellipse.03 in Nylon, bei Ihnen bestellt hat! M.H.&#8220;<\/i><\/p>\n<\/blockquote>\n\n\n\n<hr class=\"wp-block-separator has-alpha-channel-opacity\"\/>\n\n\n\n<h2 class=\"wp-block-heading has-text-align-center\">LOOKBOOK &#8211; Unsere Kollektionen<\/h2>\n\n\n\n<div class=\"wp-block-columns is-layout-flex wp-container-core-columns-is-layout-28f84493 wp-block-columns-is-layout-flex\">\n<div class=\"wp-block-column is-layout-flow wp-block-column-is-layout-flow\">\n<figure class=\"wp-block-image size-full\"><img data-recalc-dims=\"1\" loading=\"lazy\" decoding=\"async\" width=\"900\" height=\"900\" src=\"https:\/\/i0.wp.com\/info.linckx.de\/wp-content\/uploads\/2020\/12\/HOME-Logo-FilzForever.jpg?resize=900%2C900&#038;ssl=1\" alt=\"Filz forever\" class=\"wp-image-1408\" srcset=\"https:\/\/i0.wp.com\/info.linckx.de\/wp-content\/uploads\/2020\/12\/HOME-Logo-FilzForever.jpg?w=900&amp;ssl=1 900w, https:\/\/i0.wp.com\/info.linckx.de\/wp-content\/uploads\/2020\/12\/HOME-Logo-FilzForever.jpg?resize=300%2C300&amp;ssl=1 300w, https:\/\/i0.wp.com\/info.linckx.de\/wp-content\/uploads\/2020\/12\/HOME-Logo-FilzForever.jpg?resize=150%2C150&amp;ssl=1 150w, https:\/\/i0.wp.com\/info.linckx.de\/wp-content\/uploads\/2020\/12\/HOME-Logo-FilzForever.jpg?resize=768%2C768&amp;ssl=1 768w\" sizes=\"auto, (max-width: 900px) 100vw, 900px\" \/><\/figure>\n\n\n\n<h3 class=\"wp-block-heading has-text-align-center\">Filz Forever<\/h3>\n\n\n\n<p class=\"has-text-align-center\">Botentaschen, Rucks\u00e4cke, Etuis, Wohnaccessoires &#8211; alles aus Filz!<\/p>\n<\/div>\n\n\n\n<div class=\"wp-block-column is-layout-flow wp-block-column-is-layout-flow\">\n<figure class=\"wp-block-image size-full\"><img data-recalc-dims=\"1\" loading=\"lazy\" decoding=\"async\" width=\"900\" height=\"900\" src=\"https:\/\/i0.wp.com\/info.linckx.de\/wp-content\/uploads\/2020\/02\/HOME-Logo-lpb.jpg?resize=900%2C900&#038;ssl=1\" alt=\"like paper bags\" class=\"wp-image-656\" srcset=\"https:\/\/i0.wp.com\/info.linckx.de\/wp-content\/uploads\/2020\/02\/HOME-Logo-lpb.jpg?w=900&amp;ssl=1 900w, https:\/\/i0.wp.com\/info.linckx.de\/wp-content\/uploads\/2020\/02\/HOME-Logo-lpb.jpg?resize=300%2C300&amp;ssl=1 300w, https:\/\/i0.wp.com\/info.linckx.de\/wp-content\/uploads\/2020\/02\/HOME-Logo-lpb.jpg?resize=150%2C150&amp;ssl=1 150w, https:\/\/i0.wp.com\/info.linckx.de\/wp-content\/uploads\/2020\/02\/HOME-Logo-lpb.jpg?resize=768%2C768&amp;ssl=1 768w\" sizes=\"auto, (max-width: 900px) 100vw, 900px\" \/><\/figure>\n\n\n\n<h3 class=\"wp-block-heading has-text-align-center\">like paper bags<\/h3>\n\n\n\n<p class=\"has-text-align-center\">Taschen und Accessoires aus Zell.Stoff &#8211; wasser- und rei\u00dffest<\/p>\n<\/div>\n\n\n\n<div class=\"wp-block-column is-layout-flow wp-block-column-is-layout-flow\">\n<figure class=\"wp-block-image size-full\"><img data-recalc-dims=\"1\" loading=\"lazy\" decoding=\"async\" width=\"900\" height=\"900\" src=\"https:\/\/i0.wp.com\/info.linckx.de\/wp-content\/uploads\/2020\/02\/HOME-Logo-CC-2.jpg?resize=900%2C900&#038;ssl=1\" alt=\"Canvas Collection\" class=\"wp-image-658\" srcset=\"https:\/\/i0.wp.com\/info.linckx.de\/wp-content\/uploads\/2020\/02\/HOME-Logo-CC-2.jpg?w=900&amp;ssl=1 900w, https:\/\/i0.wp.com\/info.linckx.de\/wp-content\/uploads\/2020\/02\/HOME-Logo-CC-2.jpg?resize=300%2C300&amp;ssl=1 300w, https:\/\/i0.wp.com\/info.linckx.de\/wp-content\/uploads\/2020\/02\/HOME-Logo-CC-2.jpg?resize=150%2C150&amp;ssl=1 150w, https:\/\/i0.wp.com\/info.linckx.de\/wp-content\/uploads\/2020\/02\/HOME-Logo-CC-2.jpg?resize=768%2C768&amp;ssl=1 768w\" sizes=\"auto, (max-width: 900px) 100vw, 900px\" \/><\/figure>\n\n\n\n<h3 class=\"wp-block-heading has-text-align-center\">Canvas Collection<\/h3>\n\n\n\n<p class=\"has-text-align-center\">Botentaschen und Rucks\u00e4cke aus Canvas und Nylon<\/p>\n<\/div>\n<\/div>\n\n\n\n<h2 class=\"wp-block-heading has-text-align-center\">linckx.\u00ae im Detail<\/h2>\n\n\n\n<div class=\"wp-block-columns is-layout-flex wp-container-core-columns-is-layout-28f84493 wp-block-columns-is-layout-flex\">\n<div class=\"wp-block-column is-layout-flow wp-block-column-is-layout-flow\"><\/div>\n\n\n\n<div class=\"wp-block-column is-layout-flow wp-block-column-is-layout-flow\"><\/div>\n\n\n\n<div class=\"wp-block-column is-layout-flow wp-block-column-is-layout-flow\"><\/div>\n<\/div>\n\n\n\n<div class=\"wp-block-columns is-layout-flex wp-container-core-columns-is-layout-28f84493 wp-block-columns-is-layout-flex\">\n<div class=\"wp-block-column is-layout-flow wp-block-column-is-layout-flow\">\n<h4 class=\"wp-block-heading\">Individuelle Fertigung<\/h4>\n\n\n\n<figure class=\"wp-block-image size-large\"><img data-recalc-dims=\"1\" loading=\"lazy\" decoding=\"async\" width=\"980\" height=\"980\" src=\"https:\/\/i0.wp.com\/info.linckx.de\/wp-content\/uploads\/2020\/02\/Druck-Steinbock.jpg?resize=980%2C980&#038;ssl=1\" alt=\"Siebdrucke\" class=\"wp-image-691\" srcset=\"https:\/\/i0.wp.com\/info.linckx.de\/wp-content\/uploads\/2020\/02\/Druck-Steinbock.jpg?resize=1024%2C1024&amp;ssl=1 1024w, https:\/\/i0.wp.com\/info.linckx.de\/wp-content\/uploads\/2020\/02\/Druck-Steinbock.jpg?resize=300%2C300&amp;ssl=1 300w, https:\/\/i0.wp.com\/info.linckx.de\/wp-content\/uploads\/2020\/02\/Druck-Steinbock.jpg?resize=150%2C150&amp;ssl=1 150w, https:\/\/i0.wp.com\/info.linckx.de\/wp-content\/uploads\/2020\/02\/Druck-Steinbock.jpg?resize=768%2C768&amp;ssl=1 768w, https:\/\/i0.wp.com\/info.linckx.de\/wp-content\/uploads\/2020\/02\/Druck-Steinbock.jpg?w=1200&amp;ssl=1 1200w\" sizes=\"auto, (max-width: 980px) 100vw, 980px\" \/><figcaption class=\"wp-element-caption\">Handgemachte Siebdrucke &#8222;Steinbock&#8220; auf Filz-Zuschnitten<\/figcaption><\/figure>\n<\/div>\n\n\n\n<div class=\"wp-block-column is-layout-flow wp-block-column-is-layout-flow\">\n<h4 class=\"wp-block-heading\">Leicht und dabei robust<\/h4>\n\n\n\n<p>Das gilt f\u00fcr alle Produkte aus den drei Kollektionen!<\/p>\n\n\n\n<figure class=\"wp-block-image size-large\"><img data-recalc-dims=\"1\" loading=\"lazy\" decoding=\"async\" width=\"980\" height=\"735\" src=\"https:\/\/i0.wp.com\/info.linckx.de\/wp-content\/uploads\/2020\/02\/BOLLE-Chicago-Ute-Bhf.jpg?resize=980%2C735&#038;ssl=1\" alt=\"\" class=\"wp-image-690\" srcset=\"https:\/\/i0.wp.com\/info.linckx.de\/wp-content\/uploads\/2020\/02\/BOLLE-Chicago-Ute-Bhf.jpg?resize=1024%2C768&amp;ssl=1 1024w, https:\/\/i0.wp.com\/info.linckx.de\/wp-content\/uploads\/2020\/02\/BOLLE-Chicago-Ute-Bhf.jpg?resize=300%2C225&amp;ssl=1 300w, https:\/\/i0.wp.com\/info.linckx.de\/wp-content\/uploads\/2020\/02\/BOLLE-Chicago-Ute-Bhf.jpg?resize=768%2C576&amp;ssl=1 768w, https:\/\/i0.wp.com\/info.linckx.de\/wp-content\/uploads\/2020\/02\/BOLLE-Chicago-Ute-Bhf.jpg?w=1200&amp;ssl=1 1200w\" sizes=\"auto, (max-width: 980px) 100vw, 980px\" \/><\/figure>\n<\/div>\n<\/div>\n\n\n\n<div class=\"wp-block-columns is-layout-flex wp-container-core-columns-is-layout-28f84493 wp-block-columns-is-layout-flex\">\n<div class=\"wp-block-column is-layout-flow wp-block-column-is-layout-flow\">\n<h4 class=\"wp-block-heading\">Minimalistisches Design<\/h4>\n\n\n\n<p>Wir gestalten unsere Produkte so schlicht wie m\u00f6glich, dabei statten wir sie mit allem aus, was sie brauchen!<\/p>\n\n\n\n<figure class=\"wp-block-image size-large\"><img data-recalc-dims=\"1\" loading=\"lazy\" decoding=\"async\" width=\"980\" height=\"735\" src=\"https:\/\/i0.wp.com\/info.linckx.de\/wp-content\/uploads\/2023\/11\/CARRIE-S-khaki-1a_1200.jpg?resize=980%2C735&#038;ssl=1\" alt=\"CARRIE-S khaki 1a\" class=\"wp-image-1733\" srcset=\"https:\/\/i0.wp.com\/info.linckx.de\/wp-content\/uploads\/2023\/11\/CARRIE-S-khaki-1a_1200.jpg?resize=1024%2C768&amp;ssl=1 1024w, https:\/\/i0.wp.com\/info.linckx.de\/wp-content\/uploads\/2023\/11\/CARRIE-S-khaki-1a_1200.jpg?resize=300%2C225&amp;ssl=1 300w, https:\/\/i0.wp.com\/info.linckx.de\/wp-content\/uploads\/2023\/11\/CARRIE-S-khaki-1a_1200.jpg?resize=768%2C576&amp;ssl=1 768w, https:\/\/i0.wp.com\/info.linckx.de\/wp-content\/uploads\/2023\/11\/CARRIE-S-khaki-1a_1200.jpg?resize=16%2C12&amp;ssl=1 16w, https:\/\/i0.wp.com\/info.linckx.de\/wp-content\/uploads\/2023\/11\/CARRIE-S-khaki-1a_1200.jpg?w=1200&amp;ssl=1 1200w\" sizes=\"auto, (max-width: 980px) 100vw, 980px\" \/><\/figure>\n<\/div>\n\n\n\n<div class=\"wp-block-column is-layout-flow wp-block-column-is-layout-flow\">\n<h4 class=\"wp-block-heading has-text-align-center\">Outdoor-tauglich<\/h4>\n\n\n\n<figure class=\"wp-block-image size-large\"><img data-recalc-dims=\"1\" loading=\"lazy\" decoding=\"async\" width=\"980\" height=\"735\" src=\"https:\/\/i0.wp.com\/info.linckx.de\/wp-content\/uploads\/2020\/02\/MP03_Model-quer.jpg?resize=980%2C735&#038;ssl=1\" alt=\"\" class=\"wp-image-693\" srcset=\"https:\/\/i0.wp.com\/info.linckx.de\/wp-content\/uploads\/2020\/02\/MP03_Model-quer.jpg?resize=1024%2C768&amp;ssl=1 1024w, https:\/\/i0.wp.com\/info.linckx.de\/wp-content\/uploads\/2020\/02\/MP03_Model-quer.jpg?resize=300%2C225&amp;ssl=1 300w, https:\/\/i0.wp.com\/info.linckx.de\/wp-content\/uploads\/2020\/02\/MP03_Model-quer.jpg?resize=768%2C576&amp;ssl=1 768w, https:\/\/i0.wp.com\/info.linckx.de\/wp-content\/uploads\/2020\/02\/MP03_Model-quer.jpg?resize=1536%2C1152&amp;ssl=1 1536w, https:\/\/i0.wp.com\/info.linckx.de\/wp-content\/uploads\/2020\/02\/MP03_Model-quer.jpg?w=2048&amp;ssl=1 2048w, https:\/\/i0.wp.com\/info.linckx.de\/wp-content\/uploads\/2020\/02\/MP03_Model-quer.jpg?w=1960&amp;ssl=1 1960w\" sizes=\"auto, (max-width: 980px) 100vw, 980px\" \/><\/figure>\n\n\n\n<p>&#8230;sind unsere Modelle alle!<\/p>\n<\/div>\n<\/div>\n\n\n\n<h2 class=\"wp-block-heading\"><a href=\"mailto:info@linckx.de\">Kontakt<\/a><\/h2>\n\n\n\n<p><a role=\"button\" href=\"mailto:info@linckx.de\"><br><\/a>Gerne k\u00f6nnen Sie uns eine Nachricht schicken an<br>info[at]linckx.de    &#8211;  <a role=\"button\" href=\"mailto:info@linckx.de\">email senden<\/a><\/p>\n\n\n\n<p><\/p>\n\n\n\n<p><style>\n\/*Disable animations on table\/mobile*\/<br \/>\n@media only screen and (max-width : 768px) {<br \/>\n.animated, .animated.animated-slow {<br \/>\n    -webkit-animation-duration: 0s;<br \/>\n    animation-duration: 0s;<br \/>\n}<br \/>\n.fadeIn, .fadeInRight, .fadeInLeft, .fadeInUp, .fadeInDown {<br \/>\n        animation-name: none;<br \/>\n    }<br \/>\n}<br \/>\n\/*Fix flexbox IE11 width issue*\/<br \/>\n@media only screen and (min-width : 991px) {<br \/>\n.nv-ie-width .elementor-column-wrap {<br \/>\n    min-width: 452px;<br \/>\n}<br \/>\n}<br \/>\n\/*Video section - Remove link color on hover*\/<br \/>\n    #alexis-video-section a:hover, #alexis-video-section a:focus {<br \/>\n        color: #fff;<br \/>\n    }<br \/>\n\/*Pricing section - Fixes*\/<br \/>\n@media only screen and (max-width: 1000px) and (min-width: 480px) {<br \/>\n    #alexis-pricing-column-width-3 {<br \/>\n        margin: 0 auto;<br \/>\n    }<br \/>\n}<br \/>\n@media only screen and (max-width: 1200px) and (min-width: 1000px) {<br \/>\n    #alexis-pricing-column-width-1 .elementor-element-populated {<br \/>\n        margin: 0 0 0 -5px;<br \/>\n    }<br \/>\n    #alexis-pricing-column-width-2 .elementor-element-populated {<br \/>\n        margin: 0;<br \/>\n    }<br \/>\n    #alexis-pricing-column-width-3 .elementor-element-populated {<br \/>\n        margin: 0 0 0 5px;<br \/>\n    }<br \/>\n}<br \/>\n\/*Blog section: fix for mobile*\/<br \/>\n@media only screen and (max-width: 1000px) and (min-width: 480px) {<br \/>\n    #alexis-post-grid .obfx-grid-container .obfx-grid-wrapper {<br \/>\n        margin: 0 auto;<br \/>\n    }<br \/>\n}<br \/>\n\/*Center subscribe button on mobile*\/<br \/>\n@media only screen and (max-width : 468px) {<br \/>\n    #nv-mobile-subscribe .content-form .submit-form {<br \/>\n        width: initial;<br \/>\n    }<br \/>\n}<br \/>\n\/*Add space to contact form submit button*\/<br \/>\n#nv-contact-form .content-form .submit-form {<br \/>\n    margin-top: 20px;<br \/>\n}<br \/>\n\/*Center the Form succes\/error notice*\/<br \/>\n    #nv-contact-form .content-form-notice {<br \/>\n    margin: 0 auto;<br \/>\n}<br \/>\n<\/style><\/p>\n","protected":false},"excerpt":{"rendered":"<p>Willkommen &#8230; bei linckx.\u00ae Taschen und Accessoires. Hier sind alle Kollektionen zusammengefasst in einem Online-LOOKBOOK! Was uns wichtig ist Unsere Taschen werden ausschlie\u00dflich in Deutschland entwickelt und hergestellt, in kleinen N\u00e4hbetrieben in Sachsen und Norddeutschland, und in unserer M\u00fcnchner Werkstatt. Wir legen Wert auf einen fairen Umgang mit unseren Produzenten und Zulieferern, ebenso wie auf [&hellip;]<\/p>\n","protected":false},"author":1,"featured_media":0,"parent":0,"menu_order":0,"comment_status":"closed","ping_status":"open","template":"template-fullwidth.php","meta":{"footnotes":""},"class_list":["post-91","page","type-page","status-publish","hentry"],"jetpack_sharing_enabled":true,"_links":{"self":[{"href":"https:\/\/info.linckx.de\/en\/wp-json\/wp\/v2\/pages\/91","targetHints":{"allow":["GET"]}}],"collection":[{"href":"https:\/\/info.linckx.de\/en\/wp-json\/wp\/v2\/pages"}],"about":[{"href":"https:\/\/info.linckx.de\/en\/wp-json\/wp\/v2\/types\/page"}],"author":[{"embeddable":true,"href":"https:\/\/info.linckx.de\/en\/wp-json\/wp\/v2\/users\/1"}],"replies":[{"embeddable":true,"href":"https:\/\/info.linckx.de\/en\/wp-json\/wp\/v2\/comments?post=91"}],"version-history":[{"count":231,"href":"https:\/\/info.linckx.de\/en\/wp-json\/wp\/v2\/pages\/91\/revisions"}],"predecessor-version":[{"id":1857,"href":"https:\/\/info.linckx.de\/en\/wp-json\/wp\/v2\/pages\/91\/revisions\/1857"}],"wp:attachment":[{"href":"https:\/\/info.linckx.de\/en\/wp-json\/wp\/v2\/media?parent=91"}],"curies":[{"name":"wp","href":"https:\/\/api.w.org\/{rel}","templated":true}]}}