{"id":1886,"date":"2024-01-03T13:11:27","date_gmt":"2024-01-03T12:11:27","guid":{"rendered":"https:\/\/info.linckx.de\/?page_id=1886"},"modified":"2024-01-03T13:19:20","modified_gmt":"2024-01-03T12:19:20","slug":"canvas-infos","status":"publish","type":"page","link":"https:\/\/info.linckx.de\/en\/materialinfos\/canvas-infos","title":{"rendered":"Canvas  &#8211;  Infos"},"content":{"rendered":"<h4 class=\"wp-block-heading\">Segeltuch<\/h4>\n\n\n\n<p>Die Segeltuch-Stoffe, die wir f\u00fcr die Aussenh\u00fcllen verwenden, sind aus 100% Baumwolle, die wasser-, schmutz-, und fettabweisend impr\u00e4gniert ist. Die Stoffe haben nichts mit Boots-Segeln zu tun, der Begriff \u201cSegeltuch\u201d \u2013 engl. \u201ccanvas\u201d \u2013 ist die offizielle Bezeichnung f\u00fcr dieses Baumwollgewebe, das vor allem f\u00fcr Zeltplanen verwendet wird. Es ist nicht so kalt und hart wie PVC-Plane und f\u00fchlt sich wesentlich angenehmer an, erfordert aber ein wenig mehr Achtsamkeit.<br>Beim Gebrauch der Taschen wird die Impr\u00e4gnierung mit der Zeit durch Abrieb und auch durchs Waschen schw\u00e4cher \u2013 dann kann man mit handels\u00fcblichem Textilspray nachimpr\u00e4gnieren.<\/p>\n\n\n<div class=\"wp-block-image\">\n<figure class=\"aligncenter size-medium\"><img data-recalc-dims=\"1\" loading=\"lazy\" decoding=\"async\" width=\"300\" height=\"225\" src=\"https:\/\/i0.wp.com\/info.linckx.de\/wp-content\/uploads\/2024\/01\/muster-erde-sand-001.jpg?resize=300%2C225&#038;ssl=1\" alt=\"\" class=\"wp-image-1891\" srcset=\"https:\/\/i0.wp.com\/info.linckx.de\/wp-content\/uploads\/2024\/01\/muster-erde-sand-001.jpg?resize=300%2C225&amp;ssl=1 300w, https:\/\/i0.wp.com\/info.linckx.de\/wp-content\/uploads\/2024\/01\/muster-erde-sand-001.jpg?resize=1024%2C768&amp;ssl=1 1024w, https:\/\/i0.wp.com\/info.linckx.de\/wp-content\/uploads\/2024\/01\/muster-erde-sand-001.jpg?resize=768%2C576&amp;ssl=1 768w, https:\/\/i0.wp.com\/info.linckx.de\/wp-content\/uploads\/2024\/01\/muster-erde-sand-001.jpg?resize=16%2C12&amp;ssl=1 16w, https:\/\/i0.wp.com\/info.linckx.de\/wp-content\/uploads\/2024\/01\/muster-erde-sand-001.jpg?w=1200&amp;ssl=1 1200w\" sizes=\"auto, (max-width: 300px) 100vw, 300px\" \/><\/figure>\n<\/div>\n\n\n<hr class=\"wp-block-separator has-alpha-channel-opacity\"\/>\n\n\n\n<h4 class=\"wp-block-heading\">Cordura\/ Nylon<\/h4>\n\n\n\n<p>Alle Modelle bieten wir auch mit Aussenstoffen aus Cordura bzw. Nylon- Gewebe an (die genauen Materialangaben findet Ihr jeweils im Onlineshop bei der Produktbeschreibung). Diese Kunststoff-Gewebe sind wasserdicht (innen beschichtet), reissfest und sehr robust.<\/p>\n\n\n<div class=\"wp-block-image\">\n<figure class=\"aligncenter size-full\"><img data-recalc-dims=\"1\" loading=\"lazy\" decoding=\"async\" width=\"300\" height=\"300\" src=\"https:\/\/i0.wp.com\/info.linckx.de\/wp-content\/uploads\/2024\/01\/Farbmuster_graumeliert-NY.jpg?resize=300%2C300&#038;ssl=1\" alt=\"\" class=\"wp-image-1889\" srcset=\"https:\/\/i0.wp.com\/info.linckx.de\/wp-content\/uploads\/2024\/01\/Farbmuster_graumeliert-NY.jpg?w=300&amp;ssl=1 300w, https:\/\/i0.wp.com\/info.linckx.de\/wp-content\/uploads\/2024\/01\/Farbmuster_graumeliert-NY.jpg?resize=150%2C150&amp;ssl=1 150w, https:\/\/i0.wp.com\/info.linckx.de\/wp-content\/uploads\/2024\/01\/Farbmuster_graumeliert-NY.jpg?resize=12%2C12&amp;ssl=1 12w\" sizes=\"auto, (max-width: 300px) 100vw, 300px\" \/><\/figure>\n<\/div>\n\n\n<hr class=\"wp-block-separator has-alpha-channel-opacity\"\/>\n\n\n\n<h4 class=\"wp-block-heading\">Innenfutter<\/h4>\n\n\n\n<p>Hier verwenden wir haupts\u00e4chlich Stoffe aus 100% Baumwolle, teils auch Baumwoll- Misch-Gewebe, gr\u00f6\u00dftenteils mit \u00d6kotex 100 Zertifikat. N\u00e4here Informationen geben wir gerne auf Anfrage.<\/p>\n\n\n\n<p>Stoff<strong> \u201cpatterns\u201d<\/strong>: Das Design haben wir selbst entwickelt aus einer digital bearbeiteten Architekturfotografie. Die Geb\u00e4ude-Fassade ist aufgenommen im Park Village Unterf\u00f6hring bei M\u00fcnchen, ein Projekt des holl\u00e4ndischen Architekturb\u00fcros MVRDV. Limited Edition, die einzelnen Taschen sind numeriert.<\/p>\n\n\n<div class=\"wp-block-image\">\n<figure class=\"aligncenter size-medium\"><img data-recalc-dims=\"1\" loading=\"lazy\" decoding=\"async\" width=\"300\" height=\"300\" src=\"https:\/\/i0.wp.com\/info.linckx.de\/wp-content\/uploads\/2024\/01\/Muster_Patterns_800q.jpg?resize=300%2C300&#038;ssl=1\" alt=\"\" class=\"wp-image-1892\" srcset=\"https:\/\/i0.wp.com\/info.linckx.de\/wp-content\/uploads\/2024\/01\/Muster_Patterns_800q.jpg?resize=300%2C300&amp;ssl=1 300w, https:\/\/i0.wp.com\/info.linckx.de\/wp-content\/uploads\/2024\/01\/Muster_Patterns_800q.jpg?resize=150%2C150&amp;ssl=1 150w, https:\/\/i0.wp.com\/info.linckx.de\/wp-content\/uploads\/2024\/01\/Muster_Patterns_800q.jpg?resize=768%2C768&amp;ssl=1 768w, https:\/\/i0.wp.com\/info.linckx.de\/wp-content\/uploads\/2024\/01\/Muster_Patterns_800q.jpg?resize=12%2C12&amp;ssl=1 12w, https:\/\/i0.wp.com\/info.linckx.de\/wp-content\/uploads\/2024\/01\/Muster_Patterns_800q.jpg?w=800&amp;ssl=1 800w\" sizes=\"auto, (max-width: 300px) 100vw, 300px\" \/><\/figure>\n<\/div>\n\n\n<hr class=\"wp-block-separator has-alpha-channel-opacity\"\/>\n\n\n\n<h4 class=\"wp-block-heading\">Reinigung\/ Pflege<\/h4>\n\n\n\n<p>Die Taschen k\u00f6nnen in der Waschmaschine gewaschen werden (bis 60 \u00b0). <br>Die Nylon-Stoffe sind innen wasserdicht beschichtet, so dass durch eine W\u00e4sche die Dichtigkeit erhalten bleibt. <br>Bei den Taschen aus Segeltuch (impr\u00e4gnierte Baumwolle) wird die Impr\u00e4gnierung zum Teil herausgewaschen, dann kann man mit handels\u00fcblichem Textilspray nachimpr\u00e4gnieren.<br>Die Stoffe f\u00e4rben in der Regel nicht ab, aber besser nicht mit hellen Sachen, sondern mit der Buntw\u00e4sche waschen.<\/p>\n\n\n\n<p>Falls nur ein Fleck per Hand entfernt werden soll, ist zu beachten, dass nicht mit einem rauhen Schwamm oder einer B\u00fcrste gerieben werden darf, damit wird die Struktur der Stoffe besch\u00e4digt! Am besten mit einem weichen Tuch und milder Seife vorsichtig reiben.<br>Alternativ kann der Fleck z.B. mit Saptil vorbehandelt werden und die Tasche mit der Buntw\u00e4sche in der Maschine gewaschen werden.<\/p>","protected":false},"excerpt":{"rendered":"<p>Segeltuch Die Segeltuch-Stoffe, die wir f\u00fcr die Aussenh\u00fcllen verwenden, sind aus 100% Baumwolle, die wasser-, schmutz-, und fettabweisend impr\u00e4gniert ist. Die Stoffe haben nichts mit Boots-Segeln zu tun, der Begriff \u201cSegeltuch\u201d \u2013 engl. \u201ccanvas\u201d \u2013 ist die offizielle Bezeichnung f\u00fcr dieses Baumwollgewebe, das vor allem f\u00fcr Zeltplanen verwendet wird. Es ist nicht so kalt und [&hellip;]<\/p>\n","protected":false},"author":1,"featured_media":1890,"parent":1821,"menu_order":30,"comment_status":"closed","ping_status":"closed","template":"template-fullwidth.php","meta":{"footnotes":""},"class_list":["post-1886","page","type-page","status-publish","has-post-thumbnail","hentry"],"jetpack_sharing_enabled":true,"_links":{"self":[{"href":"https:\/\/info.linckx.de\/en\/wp-json\/wp\/v2\/pages\/1886","targetHints":{"allow":["GET"]}}],"collection":[{"href":"https:\/\/info.linckx.de\/en\/wp-json\/wp\/v2\/pages"}],"about":[{"href":"https:\/\/info.linckx.de\/en\/wp-json\/wp\/v2\/types\/page"}],"author":[{"embeddable":true,"href":"https:\/\/info.linckx.de\/en\/wp-json\/wp\/v2\/users\/1"}],"replies":[{"embeddable":true,"href":"https:\/\/info.linckx.de\/en\/wp-json\/wp\/v2\/comments?post=1886"}],"version-history":[{"count":2,"href":"https:\/\/info.linckx.de\/en\/wp-json\/wp\/v2\/pages\/1886\/revisions"}],"predecessor-version":[{"id":1900,"href":"https:\/\/info.linckx.de\/en\/wp-json\/wp\/v2\/pages\/1886\/revisions\/1900"}],"up":[{"embeddable":true,"href":"https:\/\/info.linckx.de\/en\/wp-json\/wp\/v2\/pages\/1821"}],"wp:featuredmedia":[{"embeddable":true,"href":"https:\/\/info.linckx.de\/en\/wp-json\/wp\/v2\/media\/1890"}],"wp:attachment":[{"href":"https:\/\/info.linckx.de\/en\/wp-json\/wp\/v2\/media?parent=1886"}],"curies":[{"name":"wp","href":"https:\/\/api.w.org\/{rel}","templated":true}]}}