{"id":1865,"date":"2024-01-03T12:30:08","date_gmt":"2024-01-03T11:30:08","guid":{"rendered":"https:\/\/info.linckx.de\/?page_id=1865"},"modified":"2024-01-03T13:17:24","modified_gmt":"2024-01-03T12:17:24","slug":"filz-infos","status":"publish","type":"page","link":"https:\/\/info.linckx.de\/en\/materialinfos\/filz-infos","title":{"rendered":"Filz  &#8211;  Infos"},"content":{"rendered":"<p>Wollfilz ist sozusagen ein nachwachsender Rohstoff und somit sehr umweltfreundlich. Zudem hat er tolle Eigenschaften, er ist z.B. wasserabweisend, atmungsaktiv und h\u00e4lt warm.<\/p>\n\n\n\n<h4 class=\"wp-block-heading\">Unsere Filzqualit\u00e4ten<\/h4>\n\n\n\n<div class=\"wp-block-columns is-layout-flex wp-container-core-columns-is-layout-28f84493 wp-block-columns-is-layout-flex\">\n<div class=\"wp-block-column is-layout-flow wp-block-column-is-layout-flow\">\n<p><strong>Reine Wollfilze<\/strong> aus 100% Schafwolle, naturbelassene Graut\u00f6ne oder farbig, mit Textilfarben \u00d6kotex Standard 100 eingef\u00e4rbt. <br>Das sind die \u201eklassischen\u201c Wollfilze. Sie haben eine weiche Oberfl\u00e4che und sind sehr fest und stabil. Zudem sind sie vollkommen unempfindlich, was das \u201ePillen\u201c (= Fusselbildung) angeht.<\/p>\n\n\n\n<figure class=\"wp-block-image size-full\"><img data-recalc-dims=\"1\" loading=\"lazy\" decoding=\"async\" width=\"295\" height=\"295\" src=\"https:\/\/i0.wp.com\/info.linckx.de\/wp-content\/uploads\/2024\/01\/Filz-graumel.jpg?resize=295%2C295&#038;ssl=1\" alt=\"Filz graumel\" class=\"wp-image-1874\" srcset=\"https:\/\/i0.wp.com\/info.linckx.de\/wp-content\/uploads\/2024\/01\/Filz-graumel.jpg?w=295&amp;ssl=1 295w, https:\/\/i0.wp.com\/info.linckx.de\/wp-content\/uploads\/2024\/01\/Filz-graumel.jpg?resize=150%2C150&amp;ssl=1 150w, https:\/\/i0.wp.com\/info.linckx.de\/wp-content\/uploads\/2024\/01\/Filz-graumel.jpg?resize=12%2C12&amp;ssl=1 12w\" sizes=\"auto, (max-width: 295px) 100vw, 295px\" \/><\/figure>\n\n\n\n<hr class=\"wp-block-separator has-alpha-channel-opacity\"\/>\n<\/div>\n\n\n\n<div class=\"wp-block-column is-layout-flow wp-block-column-is-layout-flow\">\n<p><strong>Natur-Wollfilze<\/strong> aus 90% Wolle und 10% Viskose (=Zellfasern). Ungef\u00e4rbt und in den Naturt\u00f6nen grau meliert, beige meliert, naturbraun und \u201eRustico\u201c (braun meliert). Diese Filze sind fest und robust und haben einen rauhen, nat\u00fcrlichen Charakter. Sie enthalten Einschl\u00fcsse von Gr\u00e4sern und Pflanzenfasern \u2013 das kommt daher, dass das Schaf in der Natur unterwegs ist, deswegen sind in der Schafwolle zun\u00e4chst immer Pflanzenfasern mit drin (bei den reinen Wollfilzen werden diese aufwendig aus dem Material entfernt, daher der Preisunterschied).<br>Die ungef\u00e4rbten Naturfilze k\u00f6nnen auch farbige Flecken enthalten: Das sind Reste der verschiedenen Farbsprays, mit denen die Sch\u00e4fer Ihre Herden markieren.<\/p>\n\n\n\n<figure class=\"wp-block-image size-full\"><img data-recalc-dims=\"1\" loading=\"lazy\" decoding=\"async\" width=\"800\" height=\"800\" src=\"https:\/\/i0.wp.com\/info.linckx.de\/wp-content\/uploads\/2024\/01\/Muster_NatFi_800q.jpg?resize=800%2C800&#038;ssl=1\" alt=\"\" class=\"wp-image-1873\" srcset=\"https:\/\/i0.wp.com\/info.linckx.de\/wp-content\/uploads\/2024\/01\/Muster_NatFi_800q.jpg?w=800&amp;ssl=1 800w, https:\/\/i0.wp.com\/info.linckx.de\/wp-content\/uploads\/2024\/01\/Muster_NatFi_800q.jpg?resize=300%2C300&amp;ssl=1 300w, https:\/\/i0.wp.com\/info.linckx.de\/wp-content\/uploads\/2024\/01\/Muster_NatFi_800q.jpg?resize=150%2C150&amp;ssl=1 150w, https:\/\/i0.wp.com\/info.linckx.de\/wp-content\/uploads\/2024\/01\/Muster_NatFi_800q.jpg?resize=768%2C768&amp;ssl=1 768w, https:\/\/i0.wp.com\/info.linckx.de\/wp-content\/uploads\/2024\/01\/Muster_NatFi_800q.jpg?resize=12%2C12&amp;ssl=1 12w\" sizes=\"auto, (max-width: 800px) 100vw, 800px\" \/><\/figure>\n\n\n\n<hr class=\"wp-block-separator has-alpha-channel-opacity\"\/>\n<\/div>\n\n\n\n<div class=\"wp-block-column is-layout-flow wp-block-column-is-layout-flow\">\n<p><strong>Wollfilz-Mischungen <\/strong>aus 90% Wolle und 10% Polyester, St\u00e4rke 3 mm. Diese Filze sind sehr leicht, f\u00fchlen sich etwas rauher an und sind fast so robust wie die reinen Wollfilze. Sie pillen (= fusseln) nicht.<\/p>\n\n\n\n<figure class=\"wp-block-image size-full\"><img data-recalc-dims=\"1\" loading=\"lazy\" decoding=\"async\" width=\"980\" height=\"980\" src=\"https:\/\/i0.wp.com\/info.linckx.de\/wp-content\/uploads\/2024\/01\/Muster_WoFi-B_1200q.jpg?resize=980%2C980&#038;ssl=1\" alt=\"\" class=\"wp-image-1872\" srcset=\"https:\/\/i0.wp.com\/info.linckx.de\/wp-content\/uploads\/2024\/01\/Muster_WoFi-B_1200q.jpg?w=1200&amp;ssl=1 1200w, https:\/\/i0.wp.com\/info.linckx.de\/wp-content\/uploads\/2024\/01\/Muster_WoFi-B_1200q.jpg?resize=300%2C300&amp;ssl=1 300w, https:\/\/i0.wp.com\/info.linckx.de\/wp-content\/uploads\/2024\/01\/Muster_WoFi-B_1200q.jpg?resize=1024%2C1024&amp;ssl=1 1024w, https:\/\/i0.wp.com\/info.linckx.de\/wp-content\/uploads\/2024\/01\/Muster_WoFi-B_1200q.jpg?resize=150%2C150&amp;ssl=1 150w, https:\/\/i0.wp.com\/info.linckx.de\/wp-content\/uploads\/2024\/01\/Muster_WoFi-B_1200q.jpg?resize=768%2C768&amp;ssl=1 768w, https:\/\/i0.wp.com\/info.linckx.de\/wp-content\/uploads\/2024\/01\/Muster_WoFi-B_1200q.jpg?resize=12%2C12&amp;ssl=1 12w\" sizes=\"auto, (max-width: 980px) 100vw, 980px\" \/><\/figure>\n\n\n\n<hr class=\"wp-block-separator has-alpha-channel-opacity\"\/>\n\n\n\n<p><strong>PET-Filze<\/strong> aus recycelten Plastikflaschen (100% Polyethylen\/ PET), ca. 4mm stark. Sie sind sehr fest und stabil, unempfindlich, und sogar in der Maschine waschbar ohne zu schrumpfen oder sich zu verformen \u2013 wir haben\u00b4s getestet! Pillen kann dagegen schonmal vorkommen, die Fusseln kann man mit der Rasierklinge vorsichtig entfernen.<\/p>\n\n\n\n<figure class=\"wp-block-image size-full\"><img data-recalc-dims=\"1\" loading=\"lazy\" decoding=\"async\" width=\"800\" height=\"800\" src=\"https:\/\/i0.wp.com\/info.linckx.de\/wp-content\/uploads\/2024\/01\/Muster_PETFi_800q.jpg?resize=800%2C800&#038;ssl=1\" alt=\"Muster PET Filz\" class=\"wp-image-1866\" srcset=\"https:\/\/i0.wp.com\/info.linckx.de\/wp-content\/uploads\/2024\/01\/Muster_PETFi_800q.jpg?w=800&amp;ssl=1 800w, https:\/\/i0.wp.com\/info.linckx.de\/wp-content\/uploads\/2024\/01\/Muster_PETFi_800q.jpg?resize=300%2C300&amp;ssl=1 300w, https:\/\/i0.wp.com\/info.linckx.de\/wp-content\/uploads\/2024\/01\/Muster_PETFi_800q.jpg?resize=150%2C150&amp;ssl=1 150w, https:\/\/i0.wp.com\/info.linckx.de\/wp-content\/uploads\/2024\/01\/Muster_PETFi_800q.jpg?resize=768%2C768&amp;ssl=1 768w, https:\/\/i0.wp.com\/info.linckx.de\/wp-content\/uploads\/2024\/01\/Muster_PETFi_800q.jpg?resize=12%2C12&amp;ssl=1 12w\" sizes=\"auto, (max-width: 800px) 100vw, 800px\" \/><\/figure>\n<\/div>\n<\/div>\n\n\n\n<h4 class=\"wp-block-heading\">Reinigung<\/h4>\n\n\n\n<p>Wenn Deine&nbsp;Tasche aus&nbsp;Wollfilz&nbsp;mal einen Fleck haben sollte, kannst Du&nbsp;ihn mit Seifenschaum entfernen: Einfach Seifenlauge machen, mit dem Schneebesen quirlen bis es sch\u00e4umt, und mit einem weichen Lappen und dem Schaum den Fleck vorsichtig abreiben. Eine andere M\u00f6glichkeit ist das Abreiben mit Essigwasser.<\/p>\n\n\n\n<p>Die PET-Filze sind wasserunempfindlich und sogar in der Maschine waschbar, ohne zu schrumpfen oder die Form zu verlieren!<\/p>\n\n\n\n<h4 class=\"wp-block-heading\">Kontakt mit Wasser<\/h4>\n\n\n\n<p>Alle Wollfilze sind wasserabweisend. Das liegt daran, dass die Schafwolle einen Fettanteil enth\u00e4lt, der Wasser zun\u00e4chst abperlen l\u00e4sst.<br>Beim Tragen im Regen oder im Schneetreiben passiert den Taschen gar nichts. Die Filze saugen sich nicht voll, sondern das Wasser bleibt auf der Oberfl\u00e4che und trocknet wieder ab. Allerdings solltest Du unter keinen Umst\u00e4nden Deine Tasche unter fliessendes Wasser halten oder gar in der Waschmaschine waschen! Dann saugtn sie sich voll Wasser, verliert die Form und beim Trocknen schrumpft sie dann noch ein wenig. Bitte denk dran: Du w\u00fcrdest ja auch eine Ledertasche nicht in str\u00f6menden Regen oder unter fliessendes Wasser halten, oder?<\/p>\n\n\n\n<p>F\u00fcr die PET-Filze gilt das nicht, siehe oben.<\/p>","protected":false},"excerpt":{"rendered":"<p>Wollfilz ist sozusagen ein nachwachsender Rohstoff und somit sehr umweltfreundlich. Zudem hat er tolle Eigenschaften, er ist z.B. wasserabweisend, atmungsaktiv und h\u00e4lt warm. Unsere Filzqualit\u00e4ten Reine Wollfilze aus 100% Schafwolle, naturbelassene Graut\u00f6ne oder farbig, mit Textilfarben \u00d6kotex Standard 100 eingef\u00e4rbt. Das sind die \u201eklassischen\u201c Wollfilze. Sie haben eine weiche Oberfl\u00e4che und sind sehr fest und [&hellip;]<\/p>\n","protected":false},"author":1,"featured_media":1825,"parent":1821,"menu_order":10,"comment_status":"closed","ping_status":"closed","template":"template-fullwidth.php","meta":{"footnotes":""},"class_list":["post-1865","page","type-page","status-publish","has-post-thumbnail","hentry"],"jetpack_sharing_enabled":true,"_links":{"self":[{"href":"https:\/\/info.linckx.de\/en\/wp-json\/wp\/v2\/pages\/1865","targetHints":{"allow":["GET"]}}],"collection":[{"href":"https:\/\/info.linckx.de\/en\/wp-json\/wp\/v2\/pages"}],"about":[{"href":"https:\/\/info.linckx.de\/en\/wp-json\/wp\/v2\/types\/page"}],"author":[{"embeddable":true,"href":"https:\/\/info.linckx.de\/en\/wp-json\/wp\/v2\/users\/1"}],"replies":[{"embeddable":true,"href":"https:\/\/info.linckx.de\/en\/wp-json\/wp\/v2\/comments?post=1865"}],"version-history":[{"count":2,"href":"https:\/\/info.linckx.de\/en\/wp-json\/wp\/v2\/pages\/1865\/revisions"}],"predecessor-version":[{"id":1898,"href":"https:\/\/info.linckx.de\/en\/wp-json\/wp\/v2\/pages\/1865\/revisions\/1898"}],"up":[{"embeddable":true,"href":"https:\/\/info.linckx.de\/en\/wp-json\/wp\/v2\/pages\/1821"}],"wp:featuredmedia":[{"embeddable":true,"href":"https:\/\/info.linckx.de\/en\/wp-json\/wp\/v2\/media\/1825"}],"wp:attachment":[{"href":"https:\/\/info.linckx.de\/en\/wp-json\/wp\/v2\/media?parent=1865"}],"curies":[{"name":"wp","href":"https:\/\/api.w.org\/{rel}","templated":true}]}}