{"id":1821,"date":"2023-11-19T18:02:31","date_gmt":"2023-11-19T17:02:31","guid":{"rendered":"https:\/\/info.linckx.de\/?page_id=1821"},"modified":"2024-01-03T13:18:01","modified_gmt":"2024-01-03T12:18:01","slug":"materialinfos","status":"publish","type":"page","link":"https:\/\/info.linckx.de\/en\/materialinfos","title":{"rendered":"Materialinfos"},"content":{"rendered":"<h2 class=\"wp-block-heading has-text-align-center\">Filz<\/h2>\n\n\n\n<p>Wollfilz ist sozusagen ein \u201enachwachsender Rohstoff\u201c und somit sehr umweltfreundlich, zudem ist er wasserabweisend und atmungsaktiv. <strong>linckx.<sup>\u00ae<\/sup> <\/strong>verwendet Wollfilze in verschiedenen Qualit\u00e4ten, von denen 80% aus Deutschland kommen, einige farbige Wollfilze (20%) werden aus Italien bezogen.<\/p>\n\n\n<div class=\"wp-block-image\">\n<figure class=\"aligncenter size-large is-resized\"><a href=\"https:\/\/info.linckx.de\/en\/materialinfos\/filz-infos\/\"><img data-recalc-dims=\"1\" loading=\"lazy\" decoding=\"async\" width=\"980\" height=\"735\" src=\"https:\/\/i0.wp.com\/info.linckx.de\/wp-content\/uploads\/2023\/11\/linckx_Muster-WoFi-Ldr-1.jpg?resize=980%2C735&#038;ssl=1\" alt=\"\" class=\"wp-image-1825\" style=\"width:400px\" srcset=\"https:\/\/i0.wp.com\/info.linckx.de\/wp-content\/uploads\/2023\/11\/linckx_Muster-WoFi-Ldr-1.jpg?resize=1024%2C768&amp;ssl=1 1024w, https:\/\/i0.wp.com\/info.linckx.de\/wp-content\/uploads\/2023\/11\/linckx_Muster-WoFi-Ldr-1.jpg?resize=300%2C225&amp;ssl=1 300w, https:\/\/i0.wp.com\/info.linckx.de\/wp-content\/uploads\/2023\/11\/linckx_Muster-WoFi-Ldr-1.jpg?resize=768%2C576&amp;ssl=1 768w, https:\/\/i0.wp.com\/info.linckx.de\/wp-content\/uploads\/2023\/11\/linckx_Muster-WoFi-Ldr-1.jpg?resize=16%2C12&amp;ssl=1 16w, https:\/\/i0.wp.com\/info.linckx.de\/wp-content\/uploads\/2023\/11\/linckx_Muster-WoFi-Ldr-1.jpg?w=1200&amp;ssl=1 1200w\" sizes=\"auto, (max-width: 980px) 100vw, 980px\" \/><\/a><\/figure>\n<\/div>\n\n\n<h2 class=\"wp-block-heading has-text-align-center\">Zell.Stoff<\/h2>\n\n\n\n<p>Das wasser- und rei\u00dffeste Material besteht aus Zellulose und Latex und kommt aus deutscher Produktion. Es ist sogar maschinenwaschbar! Nach der Verarbeitung hat es den Papier-typischen Knitterlook, beim Gebrauch wird er weicher und speckiger und sieht Leder immer \u00e4hnlicher.<\/p>\n\n\n<div class=\"wp-block-image\">\n<figure class=\"aligncenter size-large is-resized\"><a href=\"https:\/\/info.linckx.de\/en\/materialinfos\/zell-stoff-infos\/\"><img data-recalc-dims=\"1\" loading=\"lazy\" decoding=\"async\" width=\"980\" height=\"735\" src=\"https:\/\/i0.wp.com\/info.linckx.de\/wp-content\/uploads\/2023\/11\/Farbmuster-Rollen-2_1200.jpg?resize=980%2C735&#038;ssl=1\" alt=\"\" class=\"wp-image-1827\" style=\"width:402px\" srcset=\"https:\/\/i0.wp.com\/info.linckx.de\/wp-content\/uploads\/2023\/11\/Farbmuster-Rollen-2_1200.jpg?resize=1024%2C768&amp;ssl=1 1024w, https:\/\/i0.wp.com\/info.linckx.de\/wp-content\/uploads\/2023\/11\/Farbmuster-Rollen-2_1200.jpg?resize=300%2C225&amp;ssl=1 300w, https:\/\/i0.wp.com\/info.linckx.de\/wp-content\/uploads\/2023\/11\/Farbmuster-Rollen-2_1200.jpg?resize=768%2C576&amp;ssl=1 768w, https:\/\/i0.wp.com\/info.linckx.de\/wp-content\/uploads\/2023\/11\/Farbmuster-Rollen-2_1200.jpg?resize=16%2C12&amp;ssl=1 16w, https:\/\/i0.wp.com\/info.linckx.de\/wp-content\/uploads\/2023\/11\/Farbmuster-Rollen-2_1200.jpg?w=1200&amp;ssl=1 1200w\" sizes=\"auto, (max-width: 980px) 100vw, 980px\" \/><\/a><\/figure>\n<\/div>\n\n\n<h2 class=\"wp-block-heading has-text-align-center\">Segeltuch<\/h2>\n\n\n\n<p>Wir verwenden Stoffe aus 100% Baumwolle (\u201eCanvas\u201c), die wasserabweisend impr\u00e4gniert sind. Dieses Material ist empfindlicher als Nylon und auch nicht ganz wasserdicht, weil die Impr\u00e4gnierung mit der Zeit schw\u00e4cher wird. Um ein robusteres Material anzubieten, machen wir diese Modelle auch aus Nylon\/ Cordura.<\/p>\n\n\n<div class=\"wp-block-image\">\n<figure class=\"aligncenter size-large is-resized\"><a href=\"https:\/\/info.linckx.de\/en\/materialinfos\/canvas-infos\/\"><img data-recalc-dims=\"1\" loading=\"lazy\" decoding=\"async\" width=\"980\" height=\"735\" src=\"https:\/\/i0.wp.com\/info.linckx.de\/wp-content\/uploads\/2024\/01\/Colourboard.jpg?resize=980%2C735&#038;ssl=1\" alt=\"Colorboard\" class=\"wp-image-1890\" style=\"width:400px\" srcset=\"https:\/\/i0.wp.com\/info.linckx.de\/wp-content\/uploads\/2024\/01\/Colourboard.jpg?resize=1024%2C768&amp;ssl=1 1024w, https:\/\/i0.wp.com\/info.linckx.de\/wp-content\/uploads\/2024\/01\/Colourboard.jpg?resize=300%2C225&amp;ssl=1 300w, https:\/\/i0.wp.com\/info.linckx.de\/wp-content\/uploads\/2024\/01\/Colourboard.jpg?resize=768%2C576&amp;ssl=1 768w, https:\/\/i0.wp.com\/info.linckx.de\/wp-content\/uploads\/2024\/01\/Colourboard.jpg?resize=16%2C12&amp;ssl=1 16w, https:\/\/i0.wp.com\/info.linckx.de\/wp-content\/uploads\/2024\/01\/Colourboard.jpg?w=1200&amp;ssl=1 1200w\" sizes=\"auto, (max-width: 980px) 100vw, 980px\" \/><\/a><\/figure>\n<\/div>","protected":false},"excerpt":{"rendered":"<p>Filz Wollfilz ist sozusagen ein \u201enachwachsender Rohstoff\u201c und somit sehr umweltfreundlich, zudem ist er wasserabweisend und atmungsaktiv. linckx.\u00ae verwendet Wollfilze in verschiedenen Qualit\u00e4ten, von denen 80% aus Deutschland kommen, einige farbige Wollfilze (20%) werden aus Italien bezogen. Zell.Stoff Das wasser- und rei\u00dffeste Material besteht aus Zellulose und Latex und kommt aus deutscher Produktion. Es ist [&hellip;]<\/p>\n","protected":false},"author":1,"featured_media":0,"parent":0,"menu_order":35,"comment_status":"closed","ping_status":"closed","template":"template-fullwidth.php","meta":{"footnotes":""},"class_list":["post-1821","page","type-page","status-publish","hentry"],"jetpack_sharing_enabled":true,"_links":{"self":[{"href":"https:\/\/info.linckx.de\/en\/wp-json\/wp\/v2\/pages\/1821","targetHints":{"allow":["GET"]}}],"collection":[{"href":"https:\/\/info.linckx.de\/en\/wp-json\/wp\/v2\/pages"}],"about":[{"href":"https:\/\/info.linckx.de\/en\/wp-json\/wp\/v2\/types\/page"}],"author":[{"embeddable":true,"href":"https:\/\/info.linckx.de\/en\/wp-json\/wp\/v2\/users\/1"}],"replies":[{"embeddable":true,"href":"https:\/\/info.linckx.de\/en\/wp-json\/wp\/v2\/comments?post=1821"}],"version-history":[{"count":4,"href":"https:\/\/info.linckx.de\/en\/wp-json\/wp\/v2\/pages\/1821\/revisions"}],"predecessor-version":[{"id":1902,"href":"https:\/\/info.linckx.de\/en\/wp-json\/wp\/v2\/pages\/1821\/revisions\/1902"}],"wp:attachment":[{"href":"https:\/\/info.linckx.de\/en\/wp-json\/wp\/v2\/media?parent=1821"}],"curies":[{"name":"wp","href":"https:\/\/api.w.org\/{rel}","templated":true}]}}