{"id":1526,"date":"2023-04-08T18:39:12","date_gmt":"2023-04-08T16:39:12","guid":{"rendered":"https:\/\/info.linckx.de\/?page_id=1526"},"modified":"2023-04-10T11:23:55","modified_gmt":"2023-04-10T09:23:55","slug":"aufbewahrung","status":"publish","type":"page","link":"https:\/\/info.linckx.de\/en\/lookbook\/like-paper-bags\/aufbewahrung","title":{"rendered":"Aufbewahrung"},"content":{"rendered":"<div class=\"wp-block-columns is-layout-flex wp-container-core-columns-is-layout-28f84493 wp-block-columns-is-layout-flex\">\n<div class=\"wp-block-column is-layout-flow wp-block-column-is-layout-flow\">\n<figure class=\"wp-block-image size-large\"><img data-recalc-dims=\"1\" loading=\"lazy\" decoding=\"async\" width=\"980\" height=\"980\" src=\"https:\/\/i0.wp.com\/info.linckx.de\/wp-content\/uploads\/2023\/04\/TANK-Beutel-3x-sand_1200.jpg?resize=980%2C980&#038;ssl=1\" alt=\"\" class=\"wp-image-1707\" srcset=\"https:\/\/i0.wp.com\/info.linckx.de\/wp-content\/uploads\/2023\/04\/TANK-Beutel-3x-sand_1200.jpg?resize=1024%2C1024&amp;ssl=1 1024w, https:\/\/i0.wp.com\/info.linckx.de\/wp-content\/uploads\/2023\/04\/TANK-Beutel-3x-sand_1200.jpg?resize=300%2C300&amp;ssl=1 300w, https:\/\/i0.wp.com\/info.linckx.de\/wp-content\/uploads\/2023\/04\/TANK-Beutel-3x-sand_1200.jpg?resize=150%2C150&amp;ssl=1 150w, https:\/\/i0.wp.com\/info.linckx.de\/wp-content\/uploads\/2023\/04\/TANK-Beutel-3x-sand_1200.jpg?resize=768%2C768&amp;ssl=1 768w, https:\/\/i0.wp.com\/info.linckx.de\/wp-content\/uploads\/2023\/04\/TANK-Beutel-3x-sand_1200.jpg?resize=12%2C12&amp;ssl=1 12w, https:\/\/i0.wp.com\/info.linckx.de\/wp-content\/uploads\/2023\/04\/TANK-Beutel-3x-sand_1200.jpg?w=1200&amp;ssl=1 1200w\" sizes=\"auto, (max-width: 980px) 100vw, 980px\" \/><\/figure>\n\n\n\n<figure class=\"wp-block-image size-large\"><img data-recalc-dims=\"1\" loading=\"lazy\" decoding=\"async\" width=\"980\" height=\"980\" src=\"https:\/\/i0.wp.com\/info.linckx.de\/wp-content\/uploads\/2023\/04\/TANK_S-khaki_Buecher-2q_1200.jpg?resize=980%2C980&#038;ssl=1\" alt=\"\" class=\"wp-image-1711\" srcset=\"https:\/\/i0.wp.com\/info.linckx.de\/wp-content\/uploads\/2023\/04\/TANK_S-khaki_Buecher-2q_1200.jpg?resize=1024%2C1024&amp;ssl=1 1024w, https:\/\/i0.wp.com\/info.linckx.de\/wp-content\/uploads\/2023\/04\/TANK_S-khaki_Buecher-2q_1200.jpg?resize=300%2C300&amp;ssl=1 300w, https:\/\/i0.wp.com\/info.linckx.de\/wp-content\/uploads\/2023\/04\/TANK_S-khaki_Buecher-2q_1200.jpg?resize=150%2C150&amp;ssl=1 150w, https:\/\/i0.wp.com\/info.linckx.de\/wp-content\/uploads\/2023\/04\/TANK_S-khaki_Buecher-2q_1200.jpg?resize=768%2C768&amp;ssl=1 768w, https:\/\/i0.wp.com\/info.linckx.de\/wp-content\/uploads\/2023\/04\/TANK_S-khaki_Buecher-2q_1200.jpg?resize=12%2C12&amp;ssl=1 12w, https:\/\/i0.wp.com\/info.linckx.de\/wp-content\/uploads\/2023\/04\/TANK_S-khaki_Buecher-2q_1200.jpg?w=1200&amp;ssl=1 1200w\" sizes=\"auto, (max-width: 980px) 100vw, 980px\" \/><\/figure>\n\n\n\n<p><strong>TANK.S<\/strong> &nbsp; &nbsp; <br>16 (B) x 12 (T) x 16 (H) cm<\/p>\n\n\n\n<hr class=\"wp-block-separator has-alpha-channel-opacity\"\/>\n<\/div>\n\n\n\n<div class=\"wp-block-column is-layout-flow wp-block-column-is-layout-flow\">\n<figure class=\"wp-block-image size-large\"><img data-recalc-dims=\"1\" loading=\"lazy\" decoding=\"async\" width=\"980\" height=\"980\" src=\"https:\/\/i0.wp.com\/info.linckx.de\/wp-content\/uploads\/2023\/04\/TANK-M-schwarz-1a_1200.jpg?resize=980%2C980&#038;ssl=1\" alt=\"\" class=\"wp-image-1708\" srcset=\"https:\/\/i0.wp.com\/info.linckx.de\/wp-content\/uploads\/2023\/04\/TANK-M-schwarz-1a_1200.jpg?resize=1024%2C1024&amp;ssl=1 1024w, https:\/\/i0.wp.com\/info.linckx.de\/wp-content\/uploads\/2023\/04\/TANK-M-schwarz-1a_1200.jpg?resize=300%2C300&amp;ssl=1 300w, https:\/\/i0.wp.com\/info.linckx.de\/wp-content\/uploads\/2023\/04\/TANK-M-schwarz-1a_1200.jpg?resize=150%2C150&amp;ssl=1 150w, https:\/\/i0.wp.com\/info.linckx.de\/wp-content\/uploads\/2023\/04\/TANK-M-schwarz-1a_1200.jpg?resize=768%2C768&amp;ssl=1 768w, https:\/\/i0.wp.com\/info.linckx.de\/wp-content\/uploads\/2023\/04\/TANK-M-schwarz-1a_1200.jpg?resize=12%2C12&amp;ssl=1 12w, https:\/\/i0.wp.com\/info.linckx.de\/wp-content\/uploads\/2023\/04\/TANK-M-schwarz-1a_1200.jpg?w=1200&amp;ssl=1 1200w\" sizes=\"auto, (max-width: 980px) 100vw, 980px\" \/><\/figure>\n\n\n\n<p><strong>TANK.M<\/strong> &nbsp;&nbsp; <br>19 (B) x 14 (T) x 25 (H) cm<\/p>\n\n\n\n<hr class=\"wp-block-separator has-alpha-channel-opacity\"\/>\n\n\n\n<figure class=\"wp-block-image size-large\"><img data-recalc-dims=\"1\" loading=\"lazy\" decoding=\"async\" width=\"980\" height=\"980\" src=\"https:\/\/i0.wp.com\/info.linckx.de\/wp-content\/uploads\/2023\/04\/TANK-S-Lq_900.jpg?resize=980%2C980&#038;ssl=1\" alt=\"\" class=\"wp-image-1710\" srcset=\"https:\/\/i0.wp.com\/info.linckx.de\/wp-content\/uploads\/2023\/04\/TANK-S-Lq_900.jpg?resize=1024%2C1024&amp;ssl=1 1024w, https:\/\/i0.wp.com\/info.linckx.de\/wp-content\/uploads\/2023\/04\/TANK-S-Lq_900.jpg?resize=300%2C300&amp;ssl=1 300w, https:\/\/i0.wp.com\/info.linckx.de\/wp-content\/uploads\/2023\/04\/TANK-S-Lq_900.jpg?resize=150%2C150&amp;ssl=1 150w, https:\/\/i0.wp.com\/info.linckx.de\/wp-content\/uploads\/2023\/04\/TANK-S-Lq_900.jpg?resize=768%2C768&amp;ssl=1 768w, https:\/\/i0.wp.com\/info.linckx.de\/wp-content\/uploads\/2023\/04\/TANK-S-Lq_900.jpg?resize=12%2C12&amp;ssl=1 12w, https:\/\/i0.wp.com\/info.linckx.de\/wp-content\/uploads\/2023\/04\/TANK-S-Lq_900.jpg?w=1200&amp;ssl=1 1200w\" sizes=\"auto, (max-width: 980px) 100vw, 980px\" \/><\/figure>\n\n\n\n<p><strong>TANK.L<\/strong> &nbsp;&nbsp;&nbsp; <br>35 (H) x 31 (B) x 24 (T) cm<\/p>\n\n\n\n<hr class=\"wp-block-separator has-alpha-channel-opacity\"\/>\n<\/div>\n\n\n\n<div class=\"wp-block-column is-layout-flow wp-block-column-is-layout-flow\">\n<h4 class=\"wp-block-heading has-text-align-center\">TANK.S bis TANK.L&nbsp; Beutel<\/h4>\n\n\n\n<p class=\"has-text-align-center\">Diese Beutel dienen zur Aufbewahrung von allen m\u00f6glichen Dingen &#8211; als Brotkorb, Schl\u00fcsselkorb, oder Papierkorb. Auch als Blumen-\u00dcbertopf k\u00f6nnen sie gut verwendet werden, allerdings sollte man dann einen wasserdichten Unterteller verwenden, damit die Beute nicht permanent feucht sind. <br>Sie sind wasserfest und maschinenwaschbar, der obere Rand ist einmal umgekrempelt und kann weiter gekrempelt werden.<\/p>\n<\/div>\n<\/div>\n\n\n\n<div class=\"wp-block-columns is-layout-flex wp-container-core-columns-is-layout-28f84493 wp-block-columns-is-layout-flex\">\n<div class=\"wp-block-column is-layout-flow wp-block-column-is-layout-flow\">\n<h4 class=\"wp-block-heading\">TANK.XL und TANK.XXL<\/h4>\n\n\n\n<p>Die beiden gro\u00dfen Bodenbeutel k\u00f6nnen Schmutzw\u00e4sche aufbewahren, oder Spielzeug, Stoffrollen, Kissen, Decken oder Strickzeug. Mit den seitlich angebrachten Henkeln k\u00f6nnen sie ganz einfach bewegt werden. Ebenfalls wasserfest und maschinenwaschbar, der obere Rand ist einmal umgekrempelt (bitte beachten: bis Sept. 2020 hie\u00dfen die Beutel TANK.Lplus und TANK.XL. Es haben sich nur die Bezeichnungen ge\u00e4ndert, nicht die Gr\u00f6\u00dfen!).<\/p>\n\n\n\n<p><strong>TANK.XL<\/strong> &nbsp; <br>30 (B) x 30 (T) x 45 (H) cm&nbsp;<\/p>\n\n\n\n<p><strong>TANK.XXL<\/strong>&nbsp; &nbsp;&nbsp; &nbsp; &nbsp; <br>36 (B) x 36 (T) x 54 (H) cm<\/p>\n<\/div>\n\n\n\n<div class=\"wp-block-column is-layout-flow wp-block-column-is-layout-flow\">\n<figure class=\"wp-block-image size-large\"><img data-recalc-dims=\"1\" loading=\"lazy\" decoding=\"async\" width=\"768\" height=\"1024\" src=\"https:\/\/i0.wp.com\/info.linckx.de\/wp-content\/uploads\/2023\/04\/TANK-XL-anthra-TxRt-3a_1200.jpg?resize=768%2C1024&#038;ssl=1\" alt=\"\" class=\"wp-image-1713\" srcset=\"https:\/\/i0.wp.com\/info.linckx.de\/wp-content\/uploads\/2023\/04\/TANK-XL-anthra-TxRt-3a_1200.jpg?resize=768%2C1024&amp;ssl=1 768w, https:\/\/i0.wp.com\/info.linckx.de\/wp-content\/uploads\/2023\/04\/TANK-XL-anthra-TxRt-3a_1200.jpg?resize=225%2C300&amp;ssl=1 225w, https:\/\/i0.wp.com\/info.linckx.de\/wp-content\/uploads\/2023\/04\/TANK-XL-anthra-TxRt-3a_1200.jpg?resize=9%2C12&amp;ssl=1 9w, https:\/\/i0.wp.com\/info.linckx.de\/wp-content\/uploads\/2023\/04\/TANK-XL-anthra-TxRt-3a_1200.jpg?w=900&amp;ssl=1 900w\" sizes=\"auto, (max-width: 768px) 100vw, 768px\" \/><\/figure>\n<\/div>\n<\/div>","protected":false},"excerpt":{"rendered":"<p>TANK.S &nbsp; &nbsp; 16 (B) x 12 (T) x 16 (H) cm TANK.M &nbsp;&nbsp; 19 (B) x 14 (T) x 25 (H) cm TANK.L &nbsp;&nbsp;&nbsp; 35 (H) x 31 (B) x 24 (T) cm TANK.S bis TANK.L&nbsp; Beutel Diese Beutel dienen zur Aufbewahrung von allen m\u00f6glichen Dingen &#8211; als Brotkorb, Schl\u00fcsselkorb, oder Papierkorb. Auch als [&hellip;]<\/p>\n","protected":false},"author":1,"featured_media":0,"parent":1442,"menu_order":40,"comment_status":"closed","ping_status":"closed","template":"template-fullwidth.php","meta":{"footnotes":""},"class_list":["post-1526","page","type-page","status-publish","hentry"],"jetpack_sharing_enabled":true,"_links":{"self":[{"href":"https:\/\/info.linckx.de\/en\/wp-json\/wp\/v2\/pages\/1526","targetHints":{"allow":["GET"]}}],"collection":[{"href":"https:\/\/info.linckx.de\/en\/wp-json\/wp\/v2\/pages"}],"about":[{"href":"https:\/\/info.linckx.de\/en\/wp-json\/wp\/v2\/types\/page"}],"author":[{"embeddable":true,"href":"https:\/\/info.linckx.de\/en\/wp-json\/wp\/v2\/users\/1"}],"replies":[{"embeddable":true,"href":"https:\/\/info.linckx.de\/en\/wp-json\/wp\/v2\/comments?post=1526"}],"version-history":[{"count":5,"href":"https:\/\/info.linckx.de\/en\/wp-json\/wp\/v2\/pages\/1526\/revisions"}],"predecessor-version":[{"id":1717,"href":"https:\/\/info.linckx.de\/en\/wp-json\/wp\/v2\/pages\/1526\/revisions\/1717"}],"up":[{"embeddable":true,"href":"https:\/\/info.linckx.de\/en\/wp-json\/wp\/v2\/pages\/1442"}],"wp:attachment":[{"href":"https:\/\/info.linckx.de\/en\/wp-json\/wp\/v2\/media?parent=1526"}],"curies":[{"name":"wp","href":"https:\/\/api.w.org\/{rel}","templated":true}]}}