{"id":1522,"date":"2023-04-08T18:37:58","date_gmt":"2023-04-08T16:37:58","guid":{"rendered":"https:\/\/info.linckx.de\/?page_id=1522"},"modified":"2023-04-10T10:07:06","modified_gmt":"2023-04-10T08:07:06","slug":"rucksaecke-convertibles","status":"publish","type":"page","link":"https:\/\/info.linckx.de\/en\/lookbook\/like-paper-bags\/rucksaecke-convertibles","title":{"rendered":"Rucks\u00e4cke, Convertibles"},"content":{"rendered":"<div class=\"wp-block-columns is-layout-flex wp-container-core-columns-is-layout-28f84493 wp-block-columns-is-layout-flex\">\n<div class=\"wp-block-column is-layout-flow wp-block-column-is-layout-flow\"><div class=\"n2-section-smartslider fitvidsignore\" data-ssid=\"24\" tabindex=\"0\" role=\"region\" aria-label=\"FELIX\" data-alias=\"felix\"><div id=\"n2-ss-24-align\" class=\"n2-ss-align\"><div class=\"n2-padding\"><div id=\"n2-ss-24\" data-creator=\"Smart Slider 3\" data-responsive=\"auto\" class=\"n2-ss-slider n2-ow n2-has-hover n2notransition felix\">\n\n\n\n<div class=\"n2-ss-slider-wrapper-inside\">\n        <div class=\"n2-ss-slider-1 n2_ss__touch_element n2-ow\">\n            <div class=\"n2-ss-slider-2 n2-ow\">\n                                                <div class=\"n2-ss-slider-3 n2-ow\">\n\n                    <div class=\"n2-ss-slide-backgrounds n2-ow-all\"><div class=\"n2-ss-slide-background\" data-public-id=\"1\" data-mode=\"fit\"><div class=\"n2-ss-slide-background-image\" data-blur=\"0\" data-opacity=\"100\" data-x=\"50\" data-y=\"50\" data-alt=\"\" data-title=\"\"><picture class=\"skip-lazy jetpack-lazy-image\" data-skip-lazy=\"1\"><img decoding=\"async\" src=\"\/\/info.linckx.de\/wp-content\/uploads\/2023\/04\/FELIX-anthra-khaki-TxGr-1_1200.jpg\" alt=\"\" title=\"\" loading=\"lazy\" class=\"skip-lazy jetpack-lazy-image\" data-skip-lazy=\"1\"><\/picture><\/div><div data-color=\"RGBA(255,255,255,0)\" style=\"background-color: RGBA(255,255,255,0);\" class=\"n2-ss-slide-background-color\"><\/div><\/div><div class=\"n2-ss-slide-background\" data-public-id=\"2\" data-mode=\"fit\" aria-hidden=\"true\"><div class=\"n2-ss-slide-background-image\" data-blur=\"0\" data-opacity=\"100\" data-x=\"50\" data-y=\"50\" data-alt=\"\" data-title=\"\"><picture class=\"skip-lazy jetpack-lazy-image\" data-skip-lazy=\"1\"><img decoding=\"async\" src=\"\/\/info.linckx.de\/wp-content\/uploads\/2023\/04\/FELIX-anthra-khaki-TxGr-2_1200.jpg\" alt=\"\" title=\"\" loading=\"lazy\" class=\"skip-lazy jetpack-lazy-image\" data-skip-lazy=\"1\"><\/picture><\/div><div data-color=\"RGBA(255,255,255,0)\" style=\"background-color: RGBA(255,255,255,0);\" class=\"n2-ss-slide-background-color\"><\/div><\/div><div class=\"n2-ss-slide-background\" data-public-id=\"3\" data-mode=\"fit\" aria-hidden=\"true\"><div class=\"n2-ss-slide-background-image\" data-blur=\"0\" data-opacity=\"100\" data-x=\"50\" data-y=\"50\" data-alt=\"\" data-title=\"\"><picture class=\"skip-lazy jetpack-lazy-image\" data-skip-lazy=\"1\"><img decoding=\"async\" src=\"\/\/info.linckx.de\/wp-content\/uploads\/2023\/04\/FELIX-anthra-khaki-TxGr-3_1200.jpg\" alt=\"\" title=\"\" loading=\"lazy\" class=\"skip-lazy jetpack-lazy-image\" data-skip-lazy=\"1\"><\/picture><\/div><div data-color=\"RGBA(255,255,255,0)\" style=\"background-color: RGBA(255,255,255,0);\" class=\"n2-ss-slide-background-color\"><\/div><\/div><div class=\"n2-ss-slide-background\" data-public-id=\"4\" data-mode=\"fit\" aria-hidden=\"true\"><div class=\"n2-ss-slide-background-image\" data-blur=\"0\" data-opacity=\"100\" data-x=\"50\" data-y=\"50\" data-alt=\"\" data-title=\"\"><picture class=\"skip-lazy jetpack-lazy-image\" data-skip-lazy=\"1\"><img decoding=\"async\" src=\"\/\/info.linckx.de\/wp-content\/uploads\/2023\/04\/FELIX-anthra_Model_900.jpg\" alt=\"\" title=\"\" loading=\"lazy\" class=\"skip-lazy jetpack-lazy-image\" data-skip-lazy=\"1\"><\/picture><\/div><div data-color=\"RGBA(255,255,255,0)\" style=\"background-color: RGBA(255,255,255,0);\" class=\"n2-ss-slide-background-color\"><\/div><\/div><div class=\"n2-ss-slide-background\" data-public-id=\"5\" data-mode=\"fit\" aria-hidden=\"true\"><div class=\"n2-ss-slide-background-image\" data-blur=\"0\" data-opacity=\"100\" data-x=\"50\" data-y=\"50\" data-alt=\"\" data-title=\"\"><picture class=\"skip-lazy jetpack-lazy-image\" data-skip-lazy=\"1\"><img decoding=\"async\" src=\"\/\/info.linckx.de\/wp-content\/uploads\/2023\/04\/FELIX-zimt-anthra-TxGr-1b_1200.jpg\" alt=\"\" title=\"\" loading=\"lazy\" class=\"skip-lazy jetpack-lazy-image\" data-skip-lazy=\"1\"><\/picture><\/div><div data-color=\"RGBA(255,255,255,0)\" style=\"background-color: RGBA(255,255,255,0);\" class=\"n2-ss-slide-background-color\"><\/div><\/div><\/div>                    <div class=\"n2-ss-slider-4 n2-ow\">\n                        <svg xmlns=\"http:\/\/www.w3.org\/2000\/svg\" viewbox=\"0 0 900 1200\" data-related-device=\"desktopPortrait\" class=\"n2-ow n2-ss-preserve-size n2-ss-preserve-size--slider n2-ss-slide-limiter\"><\/svg><div data-first=\"1\" data-slide-duration=\"0\" data-id=\"174\" data-slide-public-id=\"1\" data-title=\"FELIX anthra- khaki-TxGr 1_1200\" class=\"n2-ss-slide n2-ow  n2-ss-slide-174\"><div role=\"note\" class=\"n2-ss-slide--focus\" tabindex=\"-1\">FELIX anthra- khaki-TxGr 1_1200<\/div><div class=\"n2-ss-layers-container n2-ss-slide-limiter n2-ow\"><div class=\"n2-ss-layer n2-ow n-uc-vjriNKdbtdpE\" data-sstype=\"slide\" data-pm=\"default\"><\/div><\/div><\/div><div data-slide-duration=\"0\" data-id=\"175\" data-slide-public-id=\"2\" aria-hidden=\"true\" data-title=\"FELIX anthra- khaki-TxGr 2_1200\" class=\"n2-ss-slide n2-ow  n2-ss-slide-175\"><div role=\"note\" class=\"n2-ss-slide--focus\" tabindex=\"-1\">FELIX anthra- khaki-TxGr 2_1200<\/div><div class=\"n2-ss-layers-container n2-ss-slide-limiter n2-ow\"><div class=\"n2-ss-layer n2-ow n-uc-YvKNFFLYfnvg\" data-sstype=\"slide\" data-pm=\"default\"><\/div><\/div><\/div><div data-slide-duration=\"0\" data-id=\"176\" data-slide-public-id=\"3\" aria-hidden=\"true\" data-title=\"FELIX anthra- khaki-TxGr 3_1200\" class=\"n2-ss-slide n2-ow  n2-ss-slide-176\"><div role=\"note\" class=\"n2-ss-slide--focus\" tabindex=\"-1\">FELIX anthra- khaki-TxGr 3_1200<\/div><div class=\"n2-ss-layers-container n2-ss-slide-limiter n2-ow\"><div class=\"n2-ss-layer n2-ow n-uc-l31grDQyjR7M\" data-sstype=\"slide\" data-pm=\"default\"><\/div><\/div><\/div><div data-slide-duration=\"0\" data-id=\"177\" data-slide-public-id=\"4\" aria-hidden=\"true\" data-title=\"FELIX anthra_Model_900\" class=\"n2-ss-slide n2-ow  n2-ss-slide-177\"><div role=\"note\" class=\"n2-ss-slide--focus\" tabindex=\"-1\">FELIX anthra_Model_900<\/div><div class=\"n2-ss-layers-container n2-ss-slide-limiter n2-ow\"><div class=\"n2-ss-layer n2-ow n-uc-SUlLH8ac6x8Z\" data-sstype=\"slide\" data-pm=\"default\"><\/div><\/div><\/div><div data-slide-duration=\"0\" data-id=\"178\" data-slide-public-id=\"5\" aria-hidden=\"true\" data-title=\"FELIX zimt-anthra-TxGr 1b_1200\" class=\"n2-ss-slide n2-ow  n2-ss-slide-178\"><div role=\"note\" class=\"n2-ss-slide--focus\" tabindex=\"-1\">FELIX zimt-anthra-TxGr 1b_1200<\/div><div class=\"n2-ss-layers-container n2-ss-slide-limiter n2-ow\"><div class=\"n2-ss-layer n2-ow n-uc-WdmsOoyOfQBZ\" data-sstype=\"slide\" data-pm=\"default\"><\/div><\/div><\/div>                    <\/div>\n\n                                    <\/div>\n            <\/div>\n        <\/div>\n        <div class=\"n2-ss-slider-controls n2-ss-slider-controls-absolute-left-bottom\"><div style=\"--widget-offset:5px;\" class=\"n2-ss-widget n2-ss-control-bullet n2-ow-all n2-ss-control-bullet-horizontal\"><div class=\"nextend-bullet-bar n2-bar-justify-content-center\" role=\"group\" aria-label=\"Choose slide to display.\"><div class=\"n2-bullet n2-style-70434d3b370cb04c4313fd80ba1322c9-dot\" style=\"visibility:hidden;\"><\/div><\/div><\/div><\/div><\/div><\/div><ss3-loader><\/ss3-loader><\/div><\/div><div class=\"n2_clear\"><\/div><\/div>\n\n\n<h4 class=\"wp-block-heading\">FELIX Rucksack &#8211; Convertible<\/h4>\n\n\n\n<p>FELIX kann vom Rucksack zur Schultertasche umgebaut werden innerhalb von Sekunden! Es gibt ihn ein- oder zweifarbig. Innen hat er zwei flache Extraf\u00e4cher und einen Karbiner zum Anh\u00e4ngen von Schl\u00fcsseln.<\/p>\n\n\n\n<p>Gr\u00f6sse <br>ca. 30\/ 37 (B) x 42 (H) x 7 cm<\/p>\n\n\n\n<hr class=\"wp-block-separator has-css-opacity is-style-default\"\/>\n<\/div>\n\n\n\n<div class=\"wp-block-column is-layout-flow wp-block-column-is-layout-flow\"><div class=\"n2-section-smartslider fitvidsignore\" data-ssid=\"25\" tabindex=\"0\" role=\"region\" aria-label=\"ELIAS\" data-alias=\"elias2\"><div id=\"n2-ss-25-align\" class=\"n2-ss-align\"><div class=\"n2-padding\"><div id=\"n2-ss-25\" data-creator=\"Smart Slider 3\" data-responsive=\"auto\" class=\"n2-ss-slider n2-ow n2-has-hover n2notransition elias2\">\n\n\n\n<div class=\"n2-ss-slider-wrapper-inside\">\n        <div class=\"n2-ss-slider-1 n2_ss__touch_element n2-ow\">\n            <div class=\"n2-ss-slider-2 n2-ow\">\n                                                <div class=\"n2-ss-slider-3 n2-ow\">\n\n                    <div class=\"n2-ss-slide-backgrounds n2-ow-all\"><div class=\"n2-ss-slide-background\" data-public-id=\"1\" data-mode=\"fit\"><div class=\"n2-ss-slide-background-image\" data-blur=\"0\" data-opacity=\"100\" data-x=\"50\" data-y=\"50\" data-alt=\"\" data-title=\"\"><picture class=\"skip-lazy jetpack-lazy-image\" data-skip-lazy=\"1\"><img decoding=\"async\" src=\"\/\/info.linckx.de\/wp-content\/uploads\/2023\/04\/ELIAS-sand-TxBr-1_1200.jpg\" alt=\"\" title=\"\" loading=\"lazy\" class=\"skip-lazy jetpack-lazy-image\" data-skip-lazy=\"1\"><\/picture><\/div><div data-color=\"RGBA(255,255,255,0)\" style=\"background-color: RGBA(255,255,255,0);\" class=\"n2-ss-slide-background-color\"><\/div><\/div><div class=\"n2-ss-slide-background\" data-public-id=\"2\" data-mode=\"fit\" aria-hidden=\"true\"><div class=\"n2-ss-slide-background-image\" data-blur=\"0\" data-opacity=\"100\" data-x=\"50\" data-y=\"50\" data-alt=\"\" data-title=\"\"><picture class=\"skip-lazy jetpack-lazy-image\" data-skip-lazy=\"1\"><img decoding=\"async\" src=\"\/\/info.linckx.de\/wp-content\/uploads\/2023\/04\/ELIAS-2-anthraVt-TxDgrRec-1_1200.jpg\" alt=\"\" title=\"\" loading=\"lazy\" class=\"skip-lazy jetpack-lazy-image\" data-skip-lazy=\"1\"><\/picture><\/div><div data-color=\"RGBA(255,255,255,0)\" style=\"background-color: RGBA(255,255,255,0);\" class=\"n2-ss-slide-background-color\"><\/div><\/div><div class=\"n2-ss-slide-background\" data-public-id=\"3\" data-mode=\"fit\" aria-hidden=\"true\"><div class=\"n2-ss-slide-background-image\" data-blur=\"0\" data-opacity=\"100\" data-x=\"50\" data-y=\"50\" data-alt=\"\" data-title=\"\"><picture class=\"skip-lazy jetpack-lazy-image\" data-skip-lazy=\"1\"><img decoding=\"async\" src=\"\/\/info.linckx.de\/wp-content\/uploads\/2023\/04\/ELIAS-2-anthra-TxDgrRec-3_1200.jpg\" alt=\"\" title=\"\" loading=\"lazy\" class=\"skip-lazy jetpack-lazy-image\" data-skip-lazy=\"1\"><\/picture><\/div><div data-color=\"RGBA(255,255,255,0)\" style=\"background-color: RGBA(255,255,255,0);\" class=\"n2-ss-slide-background-color\"><\/div><\/div><div class=\"n2-ss-slide-background\" data-public-id=\"4\" data-mode=\"fit\" aria-hidden=\"true\"><div class=\"n2-ss-slide-background-image\" data-blur=\"0\" data-opacity=\"100\" data-x=\"50\" data-y=\"50\" data-alt=\"\" data-title=\"\"><picture class=\"skip-lazy jetpack-lazy-image\" data-skip-lazy=\"1\"><img decoding=\"async\" src=\"\/\/info.linckx.de\/wp-content\/uploads\/2023\/04\/ELIAS-2-stone-TxDgrRec-1_1200.jpg\" alt=\"\" title=\"\" loading=\"lazy\" class=\"skip-lazy jetpack-lazy-image\" data-skip-lazy=\"1\"><\/picture><\/div><div data-color=\"RGBA(255,255,255,0)\" style=\"background-color: RGBA(255,255,255,0);\" class=\"n2-ss-slide-background-color\"><\/div><\/div><div class=\"n2-ss-slide-background\" data-public-id=\"5\" data-mode=\"fit\" aria-hidden=\"true\"><div class=\"n2-ss-slide-background-image\" data-blur=\"0\" data-opacity=\"100\" data-x=\"50\" data-y=\"50\" data-alt=\"\" data-title=\"\"><picture class=\"skip-lazy jetpack-lazy-image\" data-skip-lazy=\"1\"><img decoding=\"async\" src=\"\/\/info.linckx.de\/wp-content\/uploads\/2023\/04\/ELIAS-stone-TxSc-Model_1200.jpg\" alt=\"\" title=\"\" loading=\"lazy\" class=\"skip-lazy jetpack-lazy-image\" data-skip-lazy=\"1\"><\/picture><\/div><div data-color=\"RGBA(255,255,255,0)\" style=\"background-color: RGBA(255,255,255,0);\" class=\"n2-ss-slide-background-color\"><\/div><\/div><\/div>                    <div class=\"n2-ss-slider-4 n2-ow\">\n                        <svg xmlns=\"http:\/\/www.w3.org\/2000\/svg\" viewbox=\"0 0 900 1200\" data-related-device=\"desktopPortrait\" class=\"n2-ow n2-ss-preserve-size n2-ss-preserve-size--slider n2-ss-slide-limiter\"><\/svg><div data-first=\"1\" data-slide-duration=\"0\" data-id=\"188\" data-slide-public-id=\"1\" data-title=\"ELIAS sand-TxBr 1_1200\" class=\"n2-ss-slide n2-ow  n2-ss-slide-188\"><div role=\"note\" class=\"n2-ss-slide--focus\" tabindex=\"-1\">ELIAS sand-TxBr 1_1200<\/div><div class=\"n2-ss-layers-container n2-ss-slide-limiter n2-ow\"><div class=\"n2-ss-layer n2-ow n-uc-TC7GE7zbsJh9\" data-sstype=\"slide\" data-pm=\"default\"><\/div><\/div><\/div><div data-slide-duration=\"0\" data-id=\"185\" data-slide-public-id=\"2\" aria-hidden=\"true\" data-title=\"ELIAS 2 anthraVt-TxDgrRec 1_1200\" class=\"n2-ss-slide n2-ow  n2-ss-slide-185\"><div role=\"note\" class=\"n2-ss-slide--focus\" tabindex=\"-1\">ELIAS 2 anthraVt-TxDgrRec 1_1200<\/div><div class=\"n2-ss-layers-container n2-ss-slide-limiter n2-ow\"><div class=\"n2-ss-layer n2-ow n-uc-7wzds4MV6UgT\" data-sstype=\"slide\" data-pm=\"default\"><\/div><\/div><\/div><div data-slide-duration=\"0\" data-id=\"184\" data-slide-public-id=\"3\" aria-hidden=\"true\" data-title=\"ELIAS 2 anthra-TxDgrRec 3_1200\" class=\"n2-ss-slide n2-ow  n2-ss-slide-184\"><div role=\"note\" class=\"n2-ss-slide--focus\" tabindex=\"-1\">ELIAS 2 anthra-TxDgrRec 3_1200<\/div><div class=\"n2-ss-layers-container n2-ss-slide-limiter n2-ow\"><div class=\"n2-ss-layer n2-ow n-uc-TPoslyDeFsXR\" data-sstype=\"slide\" data-pm=\"default\"><\/div><\/div><\/div><div data-slide-duration=\"0\" data-id=\"186\" data-slide-public-id=\"4\" aria-hidden=\"true\" data-title=\"ELIAS 2 stone-TxDgrRec 1_1200\" class=\"n2-ss-slide n2-ow  n2-ss-slide-186\"><div role=\"note\" class=\"n2-ss-slide--focus\" tabindex=\"-1\">ELIAS 2 stone-TxDgrRec 1_1200<\/div><div class=\"n2-ss-layers-container n2-ss-slide-limiter n2-ow\"><div class=\"n2-ss-layer n2-ow n-uc-rCcOdC442bj9\" data-sstype=\"slide\" data-pm=\"default\"><\/div><\/div><\/div><div data-slide-duration=\"0\" data-id=\"187\" data-slide-public-id=\"5\" aria-hidden=\"true\" data-title=\"ELIAS stone-TxSc Model_1200\" class=\"n2-ss-slide n2-ow  n2-ss-slide-187\"><div role=\"note\" class=\"n2-ss-slide--focus\" tabindex=\"-1\">ELIAS stone-TxSc Model_1200<\/div><div class=\"n2-ss-layers-container n2-ss-slide-limiter n2-ow\"><div class=\"n2-ss-layer n2-ow n-uc-T0P6FeoItFxP\" data-sstype=\"slide\" data-pm=\"default\"><\/div><\/div><\/div>                    <\/div>\n\n                                    <\/div>\n            <\/div>\n        <\/div>\n        <div class=\"n2-ss-slider-controls n2-ss-slider-controls-absolute-left-bottom\"><div style=\"--widget-offset:5px;\" class=\"n2-ss-widget n2-ss-control-bullet n2-ow-all n2-ss-control-bullet-horizontal\"><div class=\"nextend-bullet-bar n2-bar-justify-content-center\" role=\"group\" aria-label=\"Choose slide to display.\"><div class=\"n2-bullet n2-style-70434d3b370cb04c4313fd80ba1322c9-dot\" style=\"visibility:hidden;\"><\/div><\/div><\/div><\/div><\/div><\/div><ss3-loader><\/ss3-loader><\/div><\/div><div class=\"n2_clear\"><\/div><\/div>\n\n\n<h4 class=\"wp-block-heading\">ELIAS&nbsp; Rucksack<\/h4>\n\n\n\n<p>Rucksack mit breiten, verstellbaren Gurten und Tragschlaufe oben. Innen hat er zwei flache Innenf\u00e4cher und einen Karabiner zum Anh\u00e4ngen von Schl\u00fcsseln.<\/p>\n\n\n\n<p>Gr\u00f6sse <br>ca. 30\/37 (B) x 42 (H) x 7 cm<\/p>\n\n\n\n<hr class=\"wp-block-separator has-css-opacity is-style-default\"\/>\n<\/div>\n\n\n\n<div class=\"wp-block-column is-layout-flow wp-block-column-is-layout-flow\"><div class=\"n2-section-smartslider fitvidsignore\" data-ssid=\"20\" tabindex=\"0\" role=\"region\" aria-label=\"CARRIE-L\" data-alias=\"carrie-l2\"><div id=\"n2-ss-20-align\" class=\"n2-ss-align\"><div class=\"n2-padding\"><div id=\"n2-ss-20\" data-creator=\"Smart Slider 3\" data-responsive=\"auto\" class=\"n2-ss-slider n2-ow n2-has-hover n2notransition carrie-l2\">\n\n\n\n<div class=\"n2-ss-slider-wrapper-inside\">\n        <div class=\"n2-ss-slider-1 n2_ss__touch_element n2-ow\">\n            <div class=\"n2-ss-slider-2 n2-ow\">\n                                                <div class=\"n2-ss-slider-3 n2-ow\">\n\n                    <div class=\"n2-ss-slide-backgrounds n2-ow-all\"><div class=\"n2-ss-slide-background\" data-public-id=\"1\" data-mode=\"fit\"><div class=\"n2-ss-slide-background-image\" data-blur=\"0\" data-opacity=\"100\" data-x=\"50\" data-y=\"50\" data-alt=\"CARRIE stone-anthra\" data-title=\"\"><picture class=\"skip-lazy jetpack-lazy-image\" data-skip-lazy=\"1\"><img decoding=\"async\" src=\"\/\/info.linckx.de\/wp-content\/uploads\/2023\/11\/CARRIE-stone-anthra-2a_1200.jpg\" alt=\"CARRIE stone-anthra\" title=\"\" loading=\"lazy\" class=\"skip-lazy jetpack-lazy-image\" data-skip-lazy=\"1\"><\/picture><\/div><div data-color=\"RGBA(255,255,255,0)\" style=\"background-color: RGBA(255,255,255,0);\" class=\"n2-ss-slide-background-color\"><\/div><\/div><div class=\"n2-ss-slide-background\" data-public-id=\"2\" data-mode=\"fit\" aria-hidden=\"true\"><div class=\"n2-ss-slide-background-image\" data-blur=\"0\" data-opacity=\"100\" data-x=\"50\" data-y=\"50\" data-alt=\"\" data-title=\"\"><picture class=\"skip-lazy jetpack-lazy-image\" data-skip-lazy=\"1\"><img decoding=\"async\" src=\"\/\/info.linckx.de\/wp-content\/uploads\/2023\/04\/CARRIE-schoko-anthra-2b_1200.jpg\" alt=\"\" title=\"\" loading=\"lazy\" class=\"skip-lazy jetpack-lazy-image\" data-skip-lazy=\"1\"><\/picture><\/div><div data-color=\"RGBA(255,255,255,0)\" style=\"background-color: RGBA(255,255,255,0);\" class=\"n2-ss-slide-background-color\"><\/div><\/div><div class=\"n2-ss-slide-background\" data-public-id=\"3\" data-mode=\"fit\" aria-hidden=\"true\"><div class=\"n2-ss-slide-background-image\" data-blur=\"0\" data-opacity=\"100\" data-x=\"50\" data-y=\"50\" data-alt=\"\" data-title=\"\"><picture class=\"skip-lazy jetpack-lazy-image\" data-skip-lazy=\"1\"><img decoding=\"async\" src=\"\/\/info.linckx.de\/wp-content\/uploads\/2023\/04\/CARRIE-schoko-anthra-4_1200.jpg\" alt=\"\" title=\"\" loading=\"lazy\" class=\"skip-lazy jetpack-lazy-image\" data-skip-lazy=\"1\"><\/picture><\/div><div data-color=\"RGBA(255,255,255,0)\" style=\"background-color: RGBA(255,255,255,0);\" class=\"n2-ss-slide-background-color\"><\/div><\/div><div class=\"n2-ss-slide-background\" data-public-id=\"4\" data-mode=\"fit\" aria-hidden=\"true\"><div class=\"n2-ss-slide-background-image\" data-blur=\"0\" data-opacity=\"100\" data-x=\"50\" data-y=\"50\" data-alt=\"CARRIE sand-schoko 3a\" data-title=\"\"><picture class=\"skip-lazy jetpack-lazy-image\" data-skip-lazy=\"1\"><img decoding=\"async\" src=\"\/\/info.linckx.de\/wp-content\/uploads\/2023\/11\/CARRIE-sand-schoko-3a_1200.jpg\" alt=\"CARRIE sand-schoko 3a\" title=\"\" loading=\"lazy\" class=\"skip-lazy jetpack-lazy-image\" data-skip-lazy=\"1\"><\/picture><\/div><div data-color=\"RGBA(255,255,255,0)\" style=\"background-color: RGBA(255,255,255,0);\" class=\"n2-ss-slide-background-color\"><\/div><\/div><div class=\"n2-ss-slide-background\" data-public-id=\"5\" data-mode=\"fit\" aria-hidden=\"true\"><div class=\"n2-ss-slide-background-image\" data-blur=\"0\" data-opacity=\"100\" data-x=\"50\" data-y=\"50\" data-alt=\"\" data-title=\"\"><picture class=\"skip-lazy jetpack-lazy-image\" data-skip-lazy=\"1\"><img decoding=\"async\" src=\"\/\/info.linckx.de\/wp-content\/uploads\/2023\/04\/CARRIE-anthra-Model-1_1200.jpg\" alt=\"\" title=\"\" loading=\"lazy\" class=\"skip-lazy jetpack-lazy-image\" data-skip-lazy=\"1\"><\/picture><\/div><div data-color=\"RGBA(255,255,255,0)\" style=\"background-color: RGBA(255,255,255,0);\" class=\"n2-ss-slide-background-color\"><\/div><\/div><\/div>                    <div class=\"n2-ss-slider-4 n2-ow\">\n                        <svg xmlns=\"http:\/\/www.w3.org\/2000\/svg\" viewbox=\"0 0 900 1200\" data-related-device=\"desktopPortrait\" class=\"n2-ow n2-ss-preserve-size n2-ss-preserve-size--slider n2-ss-slide-limiter\"><\/svg><div data-first=\"1\" data-slide-duration=\"0\" data-id=\"238\" data-slide-public-id=\"1\" data-title=\"CARRIE stone-anthra 2a\" class=\"n2-ss-slide n2-ow  n2-ss-slide-238\"><div role=\"note\" class=\"n2-ss-slide--focus\" tabindex=\"-1\">CARRIE stone-anthra 2a<\/div><div class=\"n2-ss-layers-container n2-ss-slide-limiter n2-ow\"><div class=\"n2-ss-layer n2-ow n-uc-Ppdk0qHoPcsO\" data-sstype=\"slide\" data-pm=\"default\"><\/div><\/div><\/div><div data-slide-duration=\"0\" data-id=\"137\" data-slide-public-id=\"2\" aria-hidden=\"true\" data-title=\"CARRIE schoko-anthra 2b_1200\" class=\"n2-ss-slide n2-ow  n2-ss-slide-137\"><div role=\"note\" class=\"n2-ss-slide--focus\" tabindex=\"-1\">CARRIE schoko-anthra 2b_1200<\/div><div class=\"n2-ss-layers-container n2-ss-slide-limiter n2-ow\"><div class=\"n2-ss-layer n2-ow n-uc-elF8wkAUVJw5\" data-sstype=\"slide\" data-pm=\"default\"><\/div><\/div><\/div><div data-slide-duration=\"0\" data-id=\"138\" data-slide-public-id=\"3\" aria-hidden=\"true\" data-title=\"CARRIE schoko-anthra 4_1200\" class=\"n2-ss-slide n2-ow  n2-ss-slide-138\"><div role=\"note\" class=\"n2-ss-slide--focus\" tabindex=\"-1\">CARRIE schoko-anthra 4_1200<\/div><div class=\"n2-ss-layers-container n2-ss-slide-limiter n2-ow\"><div class=\"n2-ss-layer n2-ow n-uc-BJBEjXAmhSjN\" data-sstype=\"slide\" data-pm=\"default\"><\/div><\/div><\/div><div data-slide-duration=\"0\" data-id=\"239\" data-slide-public-id=\"4\" aria-hidden=\"true\" data-title=\"CARRIE sand-schoko 3a\" class=\"n2-ss-slide n2-ow  n2-ss-slide-239\"><div role=\"note\" class=\"n2-ss-slide--focus\" tabindex=\"-1\">CARRIE sand-schoko 3a<\/div><div class=\"n2-ss-layers-container n2-ss-slide-limiter n2-ow\"><div class=\"n2-ss-layer n2-ow n-uc-nQntQINWFpLt\" data-sstype=\"slide\" data-pm=\"default\"><\/div><\/div><\/div><div data-slide-duration=\"0\" data-id=\"141\" data-slide-public-id=\"5\" aria-hidden=\"true\" data-title=\"CARRIE anthra Model 1_1200\" class=\"n2-ss-slide n2-ow  n2-ss-slide-141\"><div role=\"note\" class=\"n2-ss-slide--focus\" tabindex=\"-1\">CARRIE anthra Model 1_1200<\/div><div class=\"n2-ss-layers-container n2-ss-slide-limiter n2-ow\"><div class=\"n2-ss-layer n2-ow n-uc-MGTlyjXpRKmX\" data-sstype=\"slide\" data-pm=\"default\"><\/div><\/div><\/div>                    <\/div>\n\n                                    <\/div>\n            <\/div>\n        <\/div>\n        <div class=\"n2-ss-slider-controls n2-ss-slider-controls-absolute-left-bottom\"><div style=\"--widget-offset:5px;\" class=\"n2-ss-widget n2-ss-control-bullet n2-ow-all n2-ss-control-bullet-horizontal\"><div class=\"nextend-bullet-bar n2-bar-justify-content-center\" role=\"group\" aria-label=\"Choose slide to display.\"><div class=\"n2-bullet n2-style-70434d3b370cb04c4313fd80ba1322c9-dot\" style=\"visibility:hidden;\"><\/div><\/div><\/div><\/div><\/div><\/div><ss3-loader><\/ss3-loader><\/div><\/div><div class=\"n2_clear\"><\/div><\/div>\n\n\n<h4 class=\"wp-block-heading\">CARRIE.L Botentasche &#8211; Convertible<\/h4>\n\n\n\n<p>Die gro\u00dfe Umh\u00e4ngetasche kann man auch auf dem R\u00fccken tragen, \u00e4hnlich wie einen Rucksack, daf\u00fcr wird nur der Gurt anders eingeh\u00e4ngt. Die Klappe mit Drehverschluss ist in zwei Positionen zu schlie\u00dfen. Innen hat sie zwei flache Extraf\u00e4cher, Stifthalter und Schl\u00fcsselband mit Karabiner.<\/p>\n\n\n\n<p>Gr\u00f6sse <br>ca. 30\/37 (B) x 39 (H) x 7 cm<\/p>\n\n\n\n<hr class=\"wp-block-separator has-css-opacity is-style-default\"\/>\n<\/div>\n<\/div>\n\n\n\n<div class=\"wp-block-columns is-layout-flex wp-container-core-columns-is-layout-28f84493 wp-block-columns-is-layout-flex\">\n<div class=\"wp-block-column is-layout-flow wp-block-column-is-layout-flow\">\n<p>Weitere Convertible Modelle findet Ihr bei \u201c<a href=\"https:\/\/info.linckx.de\/en\/lookbook\/like-paper-bags\/taschen\/\" data-type=\"page\" data-id=\"1520\">Taschen<\/a>\u201d:<\/p>\n<\/div>\n\n\n\n<div class=\"wp-block-column is-layout-flow wp-block-column-is-layout-flow\">\n<h4 class=\"wp-block-heading\"><a href=\"https:\/\/info.linckx.de\/en\/lookbook\/like-paper-bags\/taschen\/\" data-type=\"page\" data-id=\"1520\">CARRIE.S<\/a><\/h4>\n<\/div>\n\n\n\n<div class=\"wp-block-column is-layout-flow wp-block-column-is-layout-flow\">\n<h4 class=\"wp-block-heading\"><a href=\"https:\/\/info.linckx.de\/en\/lookbook\/like-paper-bags\/taschen\/\" data-type=\"page\" data-id=\"1520\">CARRIE.M<\/a><\/h4>\n<\/div>\n<\/div>","protected":false},"excerpt":{"rendered":"<p>FELIX Rucksack &#8211; Convertible FELIX kann vom Rucksack zur Schultertasche umgebaut werden innerhalb von Sekunden! Es gibt ihn ein- oder zweifarbig. Innen hat er zwei flache Extraf\u00e4cher und einen Karbiner zum Anh\u00e4ngen von Schl\u00fcsseln. Gr\u00f6sse ca. 30\/ 37 (B) x 42 (H) x 7 cm ELIAS&nbsp; Rucksack Rucksack mit breiten, verstellbaren Gurten und Tragschlaufe oben. [&hellip;]<\/p>\n","protected":false},"author":1,"featured_media":0,"parent":1442,"menu_order":20,"comment_status":"closed","ping_status":"closed","template":"template-fullwidth.php","meta":{"footnotes":""},"class_list":["post-1522","page","type-page","status-publish","hentry"],"jetpack_sharing_enabled":true,"_links":{"self":[{"href":"https:\/\/info.linckx.de\/en\/wp-json\/wp\/v2\/pages\/1522","targetHints":{"allow":["GET"]}}],"collection":[{"href":"https:\/\/info.linckx.de\/en\/wp-json\/wp\/v2\/pages"}],"about":[{"href":"https:\/\/info.linckx.de\/en\/wp-json\/wp\/v2\/types\/page"}],"author":[{"embeddable":true,"href":"https:\/\/info.linckx.de\/en\/wp-json\/wp\/v2\/users\/1"}],"replies":[{"embeddable":true,"href":"https:\/\/info.linckx.de\/en\/wp-json\/wp\/v2\/comments?post=1522"}],"version-history":[{"count":5,"href":"https:\/\/info.linckx.de\/en\/wp-json\/wp\/v2\/pages\/1522\/revisions"}],"predecessor-version":[{"id":1674,"href":"https:\/\/info.linckx.de\/en\/wp-json\/wp\/v2\/pages\/1522\/revisions\/1674"}],"up":[{"embeddable":true,"href":"https:\/\/info.linckx.de\/en\/wp-json\/wp\/v2\/pages\/1442"}],"wp:attachment":[{"href":"https:\/\/info.linckx.de\/en\/wp-json\/wp\/v2\/media?parent=1522"}],"curies":[{"name":"wp","href":"https:\/\/api.w.org\/{rel}","templated":true}]}}