{"id":1516,"date":"2023-04-08T18:36:09","date_gmt":"2023-04-08T16:36:09","guid":{"rendered":"https:\/\/info.linckx.de\/?page_id=1516"},"modified":"2023-04-09T19:09:56","modified_gmt":"2023-04-09T17:09:56","slug":"wohnaccessoires","status":"publish","type":"page","link":"https:\/\/info.linckx.de\/en\/lookbook\/filz-forever\/wohnaccessoires","title":{"rendered":"Wohnaccessoires"},"content":{"rendered":"<div class=\"wp-block-columns is-layout-flex wp-container-core-columns-is-layout-28f84493 wp-block-columns-is-layout-flex\">\n<div class=\"wp-block-column is-layout-flow wp-block-column-is-layout-flow\">\n<figure class=\"wp-block-image size-large\"><img data-recalc-dims=\"1\" loading=\"lazy\" decoding=\"async\" width=\"980\" height=\"735\" src=\"https:\/\/i0.wp.com\/info.linckx.de\/wp-content\/uploads\/2023\/04\/BOBO-org-1_1200.jpg?resize=980%2C735&#038;ssl=1\" alt=\"\" class=\"wp-image-1622\" srcset=\"https:\/\/i0.wp.com\/info.linckx.de\/wp-content\/uploads\/2023\/04\/BOBO-org-1_1200.jpg?resize=1024%2C768&amp;ssl=1 1024w, https:\/\/i0.wp.com\/info.linckx.de\/wp-content\/uploads\/2023\/04\/BOBO-org-1_1200.jpg?resize=300%2C225&amp;ssl=1 300w, https:\/\/i0.wp.com\/info.linckx.de\/wp-content\/uploads\/2023\/04\/BOBO-org-1_1200.jpg?resize=768%2C576&amp;ssl=1 768w, https:\/\/i0.wp.com\/info.linckx.de\/wp-content\/uploads\/2023\/04\/BOBO-org-1_1200.jpg?resize=16%2C12&amp;ssl=1 16w, https:\/\/i0.wp.com\/info.linckx.de\/wp-content\/uploads\/2023\/04\/BOBO-org-1_1200.jpg?w=1200&amp;ssl=1 1200w\" sizes=\"auto, (max-width: 980px) 100vw, 980px\" \/><\/figure>\n\n\n\n<h4 class=\"wp-block-heading\">BOBO Filzkorb<\/h4>\n\n\n\n<p>&#8230;zum Aufbewahren von Spielzeug, Magazinen und anderen Kleinigkeiten. Man kann ihn auch gut ins Regal stellen, er passt z.B. in das KALLAX von Ikea. Mit den seitlichen Griffl\u00f6chern l\u00e4sst er sich gut transportieren. Der PET-Filz aus recycelten Plastikflaschen ist dick und robust und sogar waschbar!<\/p>\n\n\n\n<p><strong>Gr\u00f6sse<\/strong>&nbsp; &nbsp;&nbsp; 30 x 37 x 22 cm<\/p>\n\n\n\n<hr class=\"wp-block-separator has-css-opacity is-style-default\"\/>\n<\/div>\n\n\n\n<div class=\"wp-block-column is-layout-flow wp-block-column-is-layout-flow\">\n<figure class=\"wp-block-image size-large\"><img data-recalc-dims=\"1\" loading=\"lazy\" decoding=\"async\" width=\"980\" height=\"735\" src=\"https:\/\/i0.wp.com\/info.linckx.de\/wp-content\/uploads\/2023\/04\/PANTO-2x2_1200.jpg?resize=980%2C735&#038;ssl=1\" alt=\"\" class=\"wp-image-1624\" srcset=\"https:\/\/i0.wp.com\/info.linckx.de\/wp-content\/uploads\/2023\/04\/PANTO-2x2_1200.jpg?resize=1024%2C768&amp;ssl=1 1024w, https:\/\/i0.wp.com\/info.linckx.de\/wp-content\/uploads\/2023\/04\/PANTO-2x2_1200.jpg?resize=300%2C225&amp;ssl=1 300w, https:\/\/i0.wp.com\/info.linckx.de\/wp-content\/uploads\/2023\/04\/PANTO-2x2_1200.jpg?resize=768%2C576&amp;ssl=1 768w, https:\/\/i0.wp.com\/info.linckx.de\/wp-content\/uploads\/2023\/04\/PANTO-2x2_1200.jpg?resize=16%2C12&amp;ssl=1 16w, https:\/\/i0.wp.com\/info.linckx.de\/wp-content\/uploads\/2023\/04\/PANTO-2x2_1200.jpg?w=1200&amp;ssl=1 1200w\" sizes=\"auto, (max-width: 980px) 100vw, 980px\" \/><\/figure>\n\n\n\n<h4 class=\"wp-block-heading\">PANTO&nbsp; Filzpantoffel<\/h4>\n\n\n\n<p>Diese ungew\u00f6hnlichen Filzpantoffel sind angenehm zu tragen und sehr leicht, das macht sie auch zu idealen Reisebegleitern. Der Wollfilz atmet und wirkt ausgleichend: bei K\u00e4lte w\u00e4rmt er die F\u00fc\u00dfe, und bei Hitze ist er nicht zu warm. Mit Anti-Rutsch-Beschichtung aus Latex unten oder aus Veloursleder.<\/p>\n\n\n\n<p><strong>Gr\u00f6sse M<\/strong> f\u00fcr Schuhgr. 36 &#8211; 40<br><strong>Gr\u00f6sse L<\/strong> f\u00fcr Schuhgr. 41 &#8211; 45<\/p>\n\n\n\n<hr class=\"wp-block-separator has-css-opacity is-style-default\"\/>\n<\/div>\n\n\n\n<div class=\"wp-block-column is-layout-flow wp-block-column-is-layout-flow\">\n<figure class=\"wp-block-image size-large\"><img data-recalc-dims=\"1\" loading=\"lazy\" decoding=\"async\" width=\"980\" height=\"735\" src=\"https:\/\/i0.wp.com\/info.linckx.de\/wp-content\/uploads\/2023\/04\/BOX_hellgr_1200.jpg?resize=980%2C735&#038;ssl=1\" alt=\"\" class=\"wp-image-1625\" srcset=\"https:\/\/i0.wp.com\/info.linckx.de\/wp-content\/uploads\/2023\/04\/BOX_hellgr_1200.jpg?resize=1024%2C768&amp;ssl=1 1024w, https:\/\/i0.wp.com\/info.linckx.de\/wp-content\/uploads\/2023\/04\/BOX_hellgr_1200.jpg?resize=300%2C225&amp;ssl=1 300w, https:\/\/i0.wp.com\/info.linckx.de\/wp-content\/uploads\/2023\/04\/BOX_hellgr_1200.jpg?resize=768%2C576&amp;ssl=1 768w, https:\/\/i0.wp.com\/info.linckx.de\/wp-content\/uploads\/2023\/04\/BOX_hellgr_1200.jpg?resize=16%2C12&amp;ssl=1 16w, https:\/\/i0.wp.com\/info.linckx.de\/wp-content\/uploads\/2023\/04\/BOX_hellgr_1200.jpg?w=1200&amp;ssl=1 1200w\" sizes=\"auto, (max-width: 980px) 100vw, 980px\" \/><\/figure>\n\n\n\n<h4 class=\"wp-block-heading\">BOX&nbsp; Kleenex Box Cover<\/h4>\n\n\n\n<p>Die Filz-Cover geben jeder Taschentuch-Box einen edlen Touch \u2013 einfach \u00fcberst\u00fclpen und der Pappkarton ist verschwunden! Aus zweifarbigem Wollfilz, entweder mit der hellgrauen oder der dunkelgrauen Seite au\u00dfen verarbeitet, dabei zeichnet sich an den Kanten die zweite Farbe ab. Passend f\u00fcr alle Boxen (5 -7 cm hoch).<\/p>\n\n\n\n<p><strong>Gr\u00f6sse<\/strong> &nbsp; &nbsp;&nbsp; 24 x 12 x 6 (H) cm<\/p>\n\n\n\n<hr class=\"wp-block-separator has-css-opacity is-style-default\"\/>\n<\/div>\n<\/div>\n\n\n\n<div class=\"wp-block-columns is-layout-flex wp-container-core-columns-is-layout-28f84493 wp-block-columns-is-layout-flex\">\n<div class=\"wp-block-column is-layout-flow wp-block-column-is-layout-flow\">\n<figure class=\"wp-block-image size-large\"><img data-recalc-dims=\"1\" loading=\"lazy\" decoding=\"async\" width=\"980\" height=\"735\" src=\"https:\/\/i0.wp.com\/info.linckx.de\/wp-content\/uploads\/2023\/04\/SITTY-dklmel-1_1200.jpg?resize=980%2C735&#038;ssl=1\" alt=\"\" class=\"wp-image-1627\" srcset=\"https:\/\/i0.wp.com\/info.linckx.de\/wp-content\/uploads\/2023\/04\/SITTY-dklmel-1_1200.jpg?resize=1024%2C768&amp;ssl=1 1024w, https:\/\/i0.wp.com\/info.linckx.de\/wp-content\/uploads\/2023\/04\/SITTY-dklmel-1_1200.jpg?resize=300%2C225&amp;ssl=1 300w, https:\/\/i0.wp.com\/info.linckx.de\/wp-content\/uploads\/2023\/04\/SITTY-dklmel-1_1200.jpg?resize=768%2C576&amp;ssl=1 768w, https:\/\/i0.wp.com\/info.linckx.de\/wp-content\/uploads\/2023\/04\/SITTY-dklmel-1_1200.jpg?resize=16%2C12&amp;ssl=1 16w, https:\/\/i0.wp.com\/info.linckx.de\/wp-content\/uploads\/2023\/04\/SITTY-dklmel-1_1200.jpg?w=1200&amp;ssl=1 1200w\" sizes=\"auto, (max-width: 980px) 100vw, 980px\" \/><\/figure>\n\n\n\n<h4 class=\"wp-block-heading\">SITTY&nbsp; Sitzauflage<\/h4>\n\n\n\n<p>&#8230; aus aus zwei Lagen Filz mit einem zus\u00e4tzlichen Innenpolster, das macht sie so bequem! Erh\u00e4ltlich aus Wollfilz oder PET-Filz.<\/p>\n\n\n\n<p><strong>Gr\u00f6sse<\/strong> &nbsp; 37 x 34 cm (andere Gr\u00f6ssen auf Anfrage)<\/p>\n<\/div>\n\n\n\n<div class=\"wp-block-column is-layout-flow wp-block-column-is-layout-flow\">\n<figure class=\"wp-block-image size-large\"><img data-recalc-dims=\"1\" loading=\"lazy\" decoding=\"async\" width=\"980\" height=\"735\" src=\"https:\/\/i0.wp.com\/info.linckx.de\/wp-content\/uploads\/2023\/04\/DOT-5-Farben.jpg?resize=980%2C735&#038;ssl=1\" alt=\"\" class=\"wp-image-1628\" srcset=\"https:\/\/i0.wp.com\/info.linckx.de\/wp-content\/uploads\/2023\/04\/DOT-5-Farben.jpg?resize=1024%2C768&amp;ssl=1 1024w, https:\/\/i0.wp.com\/info.linckx.de\/wp-content\/uploads\/2023\/04\/DOT-5-Farben.jpg?resize=300%2C225&amp;ssl=1 300w, https:\/\/i0.wp.com\/info.linckx.de\/wp-content\/uploads\/2023\/04\/DOT-5-Farben.jpg?resize=768%2C576&amp;ssl=1 768w, https:\/\/i0.wp.com\/info.linckx.de\/wp-content\/uploads\/2023\/04\/DOT-5-Farben.jpg?resize=16%2C12&amp;ssl=1 16w, https:\/\/i0.wp.com\/info.linckx.de\/wp-content\/uploads\/2023\/04\/DOT-5-Farben.jpg?w=1200&amp;ssl=1 1200w\" sizes=\"auto, (max-width: 980px) 100vw, 980px\" \/><\/figure>\n\n\n\n<h4 class=\"wp-block-heading\">DOT Glasuntersetzer<\/h4>\n\n\n\n<p>Diese bunten Glasuntersetzer sind aus PET-Filz, der aus recycelten Plastikflaschen hergestellt wird. Ein Vorteil ist, im Gegensatz zu echtem Wollfilz kann man sie in die Waschmaschine stecken!<br>Die Untersetzer kommen im 4-er Set.<\/p>\n\n\n\n<p><strong>Gr\u00f6sse<\/strong>&nbsp; \u00d8 10 cm<\/p>\n<\/div>\n\n\n\n<div class=\"wp-block-column is-layout-flow wp-block-column-is-layout-flow\"><\/div>\n<\/div>","protected":false},"excerpt":{"rendered":"<p>BOBO Filzkorb &#8230;zum Aufbewahren von Spielzeug, Magazinen und anderen Kleinigkeiten. Man kann ihn auch gut ins Regal stellen, er passt z.B. in das KALLAX von Ikea. Mit den seitlichen Griffl\u00f6chern l\u00e4sst er sich gut transportieren. Der PET-Filz aus recycelten Plastikflaschen ist dick und robust und sogar waschbar! Gr\u00f6sse&nbsp; &nbsp;&nbsp; 30 x 37 x 22 cm [&hellip;]<\/p>\n","protected":false},"author":1,"featured_media":0,"parent":1439,"menu_order":40,"comment_status":"closed","ping_status":"closed","template":"template-fullwidth.php","meta":{"footnotes":""},"class_list":["post-1516","page","type-page","status-publish","hentry"],"jetpack_sharing_enabled":true,"_links":{"self":[{"href":"https:\/\/info.linckx.de\/en\/wp-json\/wp\/v2\/pages\/1516","targetHints":{"allow":["GET"]}}],"collection":[{"href":"https:\/\/info.linckx.de\/en\/wp-json\/wp\/v2\/pages"}],"about":[{"href":"https:\/\/info.linckx.de\/en\/wp-json\/wp\/v2\/types\/page"}],"author":[{"embeddable":true,"href":"https:\/\/info.linckx.de\/en\/wp-json\/wp\/v2\/users\/1"}],"replies":[{"embeddable":true,"href":"https:\/\/info.linckx.de\/en\/wp-json\/wp\/v2\/comments?post=1516"}],"version-history":[{"count":3,"href":"https:\/\/info.linckx.de\/en\/wp-json\/wp\/v2\/pages\/1516\/revisions"}],"predecessor-version":[{"id":1629,"href":"https:\/\/info.linckx.de\/en\/wp-json\/wp\/v2\/pages\/1516\/revisions\/1629"}],"up":[{"embeddable":true,"href":"https:\/\/info.linckx.de\/en\/wp-json\/wp\/v2\/pages\/1439"}],"wp:attachment":[{"href":"https:\/\/info.linckx.de\/en\/wp-json\/wp\/v2\/media?parent=1516"}],"curies":[{"name":"wp","href":"https:\/\/api.w.org\/{rel}","templated":true}]}}