{"id":1514,"date":"2023-04-08T18:35:35","date_gmt":"2023-04-08T16:35:35","guid":{"rendered":"https:\/\/info.linckx.de\/?page_id=1514"},"modified":"2023-04-09T19:05:12","modified_gmt":"2023-04-09T17:05:12","slug":"etuis-boersen-schluesselanhaenger","status":"publish","type":"page","link":"https:\/\/info.linckx.de\/en\/lookbook\/filz-forever\/etuis-boersen-schluesselanhaenger","title":{"rendered":"Etuis, B\u00f6rsen, Schl\u00fcsselanh\u00e4nger"},"content":{"rendered":"<div class=\"wp-block-columns is-layout-flex wp-container-core-columns-is-layout-28f84493 wp-block-columns-is-layout-flex\">\n<div class=\"wp-block-column is-layout-flow wp-block-column-is-layout-flow\">\n<figure class=\"wp-block-image size-large\"><img data-recalc-dims=\"1\" loading=\"lazy\" decoding=\"async\" width=\"768\" height=\"1024\" src=\"https:\/\/i0.wp.com\/info.linckx.de\/wp-content\/uploads\/2023\/04\/LINA-Edelzicke-2x_900.jpg?resize=768%2C1024&#038;ssl=1\" alt=\"\" class=\"wp-image-1616\" srcset=\"https:\/\/i0.wp.com\/info.linckx.de\/wp-content\/uploads\/2023\/04\/LINA-Edelzicke-2x_900.jpg?resize=768%2C1024&amp;ssl=1 768w, https:\/\/i0.wp.com\/info.linckx.de\/wp-content\/uploads\/2023\/04\/LINA-Edelzicke-2x_900.jpg?resize=225%2C300&amp;ssl=1 225w, https:\/\/i0.wp.com\/info.linckx.de\/wp-content\/uploads\/2023\/04\/LINA-Edelzicke-2x_900.jpg?resize=9%2C12&amp;ssl=1 9w, https:\/\/i0.wp.com\/info.linckx.de\/wp-content\/uploads\/2023\/04\/LINA-Edelzicke-2x_900.jpg?w=900&amp;ssl=1 900w\" sizes=\"auto, (max-width: 768px) 100vw, 768px\" \/><\/figure>\n\n\n\n<h4 class=\"wp-block-heading\">Filzetui LINA<\/h4>\n\n\n\n<p>Das kleine Filztascherl ist f\u00fcr Vieles zu gebrauchen \u2013 man kann Kosmetika hineinpacken, oder auch Computerzubeh\u00f6r wie Ladeger\u00e4te, Kabel und Maus, hier ist alles sicher aufgehoben. Optional mit aufgedrucktem Hirsch oder frechen Texten!<\/p>\n\n\n\n<p><strong>Gr\u00f6sse<\/strong> ca. 24 x 15 cm<\/p>\n\n\n\n<hr class=\"wp-block-separator has-alpha-channel-opacity\"\/>\n<\/div>\n\n\n\n<div class=\"wp-block-column is-layout-flow wp-block-column-is-layout-flow\">\n<figure class=\"wp-block-image size-large\"><img data-recalc-dims=\"1\" loading=\"lazy\" decoding=\"async\" width=\"768\" height=\"1024\" src=\"https:\/\/i0.wp.com\/info.linckx.de\/wp-content\/uploads\/2023\/04\/Brille-S-M-2x_900.jpg?resize=768%2C1024&#038;ssl=1\" alt=\"\" class=\"wp-image-1615\" srcset=\"https:\/\/i0.wp.com\/info.linckx.de\/wp-content\/uploads\/2023\/04\/Brille-S-M-2x_900.jpg?resize=768%2C1024&amp;ssl=1 768w, https:\/\/i0.wp.com\/info.linckx.de\/wp-content\/uploads\/2023\/04\/Brille-S-M-2x_900.jpg?resize=225%2C300&amp;ssl=1 225w, https:\/\/i0.wp.com\/info.linckx.de\/wp-content\/uploads\/2023\/04\/Brille-S-M-2x_900.jpg?resize=9%2C12&amp;ssl=1 9w, https:\/\/i0.wp.com\/info.linckx.de\/wp-content\/uploads\/2023\/04\/Brille-S-M-2x_900.jpg?w=900&amp;ssl=1 900w\" sizes=\"auto, (max-width: 768px) 100vw, 768px\" \/><\/figure>\n\n\n\n<h4 class=\"wp-block-heading\">Brillenetuis S und M<\/h4>\n\n\n\n<p>In den weichen Etuis aus Wollfilz sind Deine Brillen gut aufgehoben.&nbsp; Optional mit unseren Druckmotiven wie Geweih, Steinbock oder Edelweiss!<\/p>\n\n\n\n<p><strong>Gr\u00f6sse S<\/strong> f\u00fcr Lesebrillen ca. 6 x 17 cm<\/p>\n\n\n\n<p><strong>Gr\u00f6sse M<\/strong> f\u00fcr normale Brillen und Sonnebrillen ca. 8 x 17 cm<\/p>\n\n\n\n<hr class=\"wp-block-separator has-alpha-channel-opacity\"\/>\n<\/div>\n\n\n\n<div class=\"wp-block-column is-layout-flow wp-block-column-is-layout-flow\">\n<figure class=\"wp-block-image size-large\"><img data-recalc-dims=\"1\" loading=\"lazy\" decoding=\"async\" width=\"768\" height=\"1024\" src=\"https:\/\/i0.wp.com\/info.linckx.de\/wp-content\/uploads\/2023\/04\/DAISY-graumel-stone-2xhoch_1200.jpg?resize=768%2C1024&#038;ssl=1\" alt=\"\" class=\"wp-image-1617\" srcset=\"https:\/\/i0.wp.com\/info.linckx.de\/wp-content\/uploads\/2023\/04\/DAISY-graumel-stone-2xhoch_1200.jpg?resize=768%2C1024&amp;ssl=1 768w, https:\/\/i0.wp.com\/info.linckx.de\/wp-content\/uploads\/2023\/04\/DAISY-graumel-stone-2xhoch_1200.jpg?resize=225%2C300&amp;ssl=1 225w, https:\/\/i0.wp.com\/info.linckx.de\/wp-content\/uploads\/2023\/04\/DAISY-graumel-stone-2xhoch_1200.jpg?resize=9%2C12&amp;ssl=1 9w, https:\/\/i0.wp.com\/info.linckx.de\/wp-content\/uploads\/2023\/04\/DAISY-graumel-stone-2xhoch_1200.jpg?w=900&amp;ssl=1 900w\" sizes=\"auto, (max-width: 768px) 100vw, 768px\" \/><\/figure>\n\n\n\n<h4 class=\"wp-block-heading\">DAISY&nbsp; Geldb\u00f6rse<\/h4>\n\n\n\n<p>DAISY ist ausgestattet mit einem M\u00fcnzen- und einem Geldscheinfach, Steckpl\u00e4tze f\u00fcr 6+ Karten und einem Zettelfach. Dazu hat sie noch ein gro\u00dfes Fach, wo ein Smartphone hineinpasst!<\/p>\n\n\n\n<p><strong>Gr\u00f6sse<\/strong> ca. 22 x 11 x 2 cm<\/p>\n\n\n\n<hr class=\"wp-block-separator has-alpha-channel-opacity\"\/>\n<\/div>\n<\/div>\n\n\n\n<div class=\"wp-block-columns is-layout-flex wp-container-core-columns-is-layout-28f84493 wp-block-columns-is-layout-flex\">\n<div class=\"wp-block-column is-layout-flow wp-block-column-is-layout-flow\">\n<figure class=\"wp-block-image size-large\"><img data-recalc-dims=\"1\" loading=\"lazy\" decoding=\"async\" width=\"768\" height=\"1024\" src=\"https:\/\/i0.wp.com\/info.linckx.de\/wp-content\/uploads\/2023\/04\/Schluesselanhaenger-KARO-4x_900.jpg?resize=768%2C1024&#038;ssl=1\" alt=\"\" class=\"wp-image-1618\" srcset=\"https:\/\/i0.wp.com\/info.linckx.de\/wp-content\/uploads\/2023\/04\/Schluesselanhaenger-KARO-4x_900.jpg?resize=768%2C1024&amp;ssl=1 768w, https:\/\/i0.wp.com\/info.linckx.de\/wp-content\/uploads\/2023\/04\/Schluesselanhaenger-KARO-4x_900.jpg?resize=225%2C300&amp;ssl=1 225w, https:\/\/i0.wp.com\/info.linckx.de\/wp-content\/uploads\/2023\/04\/Schluesselanhaenger-KARO-4x_900.jpg?resize=9%2C12&amp;ssl=1 9w, https:\/\/i0.wp.com\/info.linckx.de\/wp-content\/uploads\/2023\/04\/Schluesselanhaenger-KARO-4x_900.jpg?w=900&amp;ssl=1 900w\" sizes=\"auto, (max-width: 768px) 100vw, 768px\" \/><\/figure>\n\n\n\n<h4 class=\"wp-block-heading\">Schl\u00fcsselanh\u00e4nger KARO<\/h4>\n\n\n\n<p>Die Schlaufen aus reinem Wollfilz sind dekoriert mit Karoborte und einer kleinen Satinrose.<br><strong>Gr\u00f6sse<\/strong> ca. 11 x 3,5 cm<\/p>\n\n\n\n<hr class=\"wp-block-separator has-alpha-channel-opacity\"\/>\n<\/div>\n\n\n\n<div class=\"wp-block-column is-layout-flow wp-block-column-is-layout-flow\">\n<figure class=\"wp-block-image size-large\"><img data-recalc-dims=\"1\" loading=\"lazy\" decoding=\"async\" width=\"768\" height=\"1024\" src=\"https:\/\/i0.wp.com\/info.linckx.de\/wp-content\/uploads\/2023\/04\/Schluesselanhaenger-CERVO-4x_900.jpg?resize=768%2C1024&#038;ssl=1\" alt=\"\" class=\"wp-image-1619\" srcset=\"https:\/\/i0.wp.com\/info.linckx.de\/wp-content\/uploads\/2023\/04\/Schluesselanhaenger-CERVO-4x_900.jpg?resize=768%2C1024&amp;ssl=1 768w, https:\/\/i0.wp.com\/info.linckx.de\/wp-content\/uploads\/2023\/04\/Schluesselanhaenger-CERVO-4x_900.jpg?resize=225%2C300&amp;ssl=1 225w, https:\/\/i0.wp.com\/info.linckx.de\/wp-content\/uploads\/2023\/04\/Schluesselanhaenger-CERVO-4x_900.jpg?resize=9%2C12&amp;ssl=1 9w, https:\/\/i0.wp.com\/info.linckx.de\/wp-content\/uploads\/2023\/04\/Schluesselanhaenger-CERVO-4x_900.jpg?w=900&amp;ssl=1 900w\" sizes=\"auto, (max-width: 768px) 100vw, 768px\" \/><\/figure>\n\n\n\n<h4 class=\"wp-block-heading\">Schl\u00fcsselanh\u00e4nger CERVO<\/h4>\n\n\n\n<p>Flache Anh\u00e4nger aus reinem Wollfilz mit kleinem silbernem Hirsch drauf und Lederschlaufe.<br><strong>Gr\u00f6sse<\/strong> ca.&nbsp; 12 x 3,5 cm<\/p>\n\n\n\n<hr class=\"wp-block-separator has-alpha-channel-opacity\"\/>\n<\/div>\n\n\n\n<div class=\"wp-block-column is-layout-flow wp-block-column-is-layout-flow\">\n<figure class=\"wp-block-image size-large\"><img data-recalc-dims=\"1\" loading=\"lazy\" decoding=\"async\" width=\"768\" height=\"1024\" src=\"https:\/\/i0.wp.com\/info.linckx.de\/wp-content\/uploads\/2023\/04\/101-Hi-4x_900.jpg?resize=768%2C1024&#038;ssl=1\" alt=\"\" class=\"wp-image-1620\" srcset=\"https:\/\/i0.wp.com\/info.linckx.de\/wp-content\/uploads\/2023\/04\/101-Hi-4x_900.jpg?resize=768%2C1024&amp;ssl=1 768w, https:\/\/i0.wp.com\/info.linckx.de\/wp-content\/uploads\/2023\/04\/101-Hi-4x_900.jpg?resize=225%2C300&amp;ssl=1 225w, https:\/\/i0.wp.com\/info.linckx.de\/wp-content\/uploads\/2023\/04\/101-Hi-4x_900.jpg?resize=9%2C12&amp;ssl=1 9w, https:\/\/i0.wp.com\/info.linckx.de\/wp-content\/uploads\/2023\/04\/101-Hi-4x_900.jpg?w=900&amp;ssl=1 900w\" sizes=\"auto, (max-width: 768px) 100vw, 768px\" \/><\/figure>\n\n\n\n<h4 class=\"wp-block-heading\">Filzetui N\u00b0 101 f\u00fcr Smartphones<\/h4>\n\n\n\n<p>Aktuell bieten wir folgende Gr\u00f6ssen an:&nbsp;<br><strong>S<\/strong>&nbsp; &nbsp; &nbsp;iPhone 3+4: <br>ca. 8,5 x 12,5&nbsp;cm (au\u00dfen)<br><strong>M&nbsp;&nbsp;<\/strong>&nbsp; iPhone 5: <br>ca. 8,5 x 13,5 cm&nbsp;(au\u00dfen)<br><strong>L&nbsp; &nbsp;<\/strong>&nbsp; iPhone 6+7+8: <br>ca. 9,3 x 14,5 cm (au\u00dfen)<br><strong>XL<\/strong>&nbsp; iPhone 6plus, 7plus, 8plus<br>&nbsp;&nbsp;&nbsp;&nbsp;&nbsp;&nbsp; iPhone 11 ProMax, iP XR: <br>ca. 9,5 x 17 cm (au\u00dfen)<\/p>\n\n\n\n<hr class=\"wp-block-separator has-alpha-channel-opacity\"\/>\n<\/div>\n<\/div>","protected":false},"excerpt":{"rendered":"<p>Filzetui LINA Das kleine Filztascherl ist f\u00fcr Vieles zu gebrauchen \u2013 man kann Kosmetika hineinpacken, oder auch Computerzubeh\u00f6r wie Ladeger\u00e4te, Kabel und Maus, hier ist alles sicher aufgehoben. Optional mit aufgedrucktem Hirsch oder frechen Texten! Gr\u00f6sse ca. 24 x 15 cm Brillenetuis S und M In den weichen Etuis aus Wollfilz sind Deine Brillen gut [&hellip;]<\/p>\n","protected":false},"author":1,"featured_media":0,"parent":1439,"menu_order":30,"comment_status":"closed","ping_status":"closed","template":"template-fullwidth.php","meta":{"footnotes":""},"class_list":["post-1514","page","type-page","status-publish","hentry"],"jetpack_sharing_enabled":true,"_links":{"self":[{"href":"https:\/\/info.linckx.de\/en\/wp-json\/wp\/v2\/pages\/1514","targetHints":{"allow":["GET"]}}],"collection":[{"href":"https:\/\/info.linckx.de\/en\/wp-json\/wp\/v2\/pages"}],"about":[{"href":"https:\/\/info.linckx.de\/en\/wp-json\/wp\/v2\/types\/page"}],"author":[{"embeddable":true,"href":"https:\/\/info.linckx.de\/en\/wp-json\/wp\/v2\/users\/1"}],"replies":[{"embeddable":true,"href":"https:\/\/info.linckx.de\/en\/wp-json\/wp\/v2\/comments?post=1514"}],"version-history":[{"count":3,"href":"https:\/\/info.linckx.de\/en\/wp-json\/wp\/v2\/pages\/1514\/revisions"}],"predecessor-version":[{"id":1621,"href":"https:\/\/info.linckx.de\/en\/wp-json\/wp\/v2\/pages\/1514\/revisions\/1621"}],"up":[{"embeddable":true,"href":"https:\/\/info.linckx.de\/en\/wp-json\/wp\/v2\/pages\/1439"}],"wp:attachment":[{"href":"https:\/\/info.linckx.de\/en\/wp-json\/wp\/v2\/media?parent=1514"}],"curies":[{"name":"wp","href":"https:\/\/api.w.org\/{rel}","templated":true}]}}