{"id":1439,"date":"2023-04-08T16:02:15","date_gmt":"2023-04-08T14:02:15","guid":{"rendered":"https:\/\/info.linckx.de\/?page_id=1439"},"modified":"2023-11-19T18:50:31","modified_gmt":"2023-11-19T17:50:31","slug":"filz-forever","status":"publish","type":"page","link":"https:\/\/info.linckx.de\/en\/lookbook\/filz-forever","title":{"rendered":"Filz Forever"},"content":{"rendered":"<div class=\"wp-block-image\">\n<figure class=\"aligncenter size-thumbnail\"><img data-recalc-dims=\"1\" loading=\"lazy\" decoding=\"async\" width=\"150\" height=\"150\" src=\"https:\/\/i0.wp.com\/info.linckx.de\/wp-content\/uploads\/2023\/04\/filzforever-Logo2-Kreis_512x256.jpg?resize=150%2C150&#038;ssl=1\" alt=\"Filz Forever\" class=\"wp-image-1446\" srcset=\"https:\/\/i0.wp.com\/info.linckx.de\/wp-content\/uploads\/2023\/04\/filzforever-Logo2-Kreis_512x256.jpg?resize=150%2C150&amp;ssl=1 150w, https:\/\/i0.wp.com\/info.linckx.de\/wp-content\/uploads\/2023\/04\/filzforever-Logo2-Kreis_512x256.jpg?resize=300%2C300&amp;ssl=1 300w, https:\/\/i0.wp.com\/info.linckx.de\/wp-content\/uploads\/2023\/04\/filzforever-Logo2-Kreis_512x256.jpg?w=512&amp;ssl=1 512w\" sizes=\"auto, (max-width: 150px) 100vw, 150px\" \/><\/figure>\n<\/div>\n\n\n<p>Diese Produktlinie bietet Shopper und Botentaschen, Trachtentaschen,  Smartphone-Etuis und Wohnaccessoires wie z.B. Filzpantoffel. Dabei  verwenden wir vor allem reine Wollfilze und Wollfilz-Mischungen, aber auch neue Entwicklungen wie z.B. einen PET-Filz aus  recycelten Plastikflaschen. <\/p>\n\n\n\n<div class=\"wp-block-columns is-layout-flex wp-container-core-columns-is-layout-28f84493 wp-block-columns-is-layout-flex\">\n<div class=\"wp-block-column is-layout-flow wp-block-column-is-layout-flow\">\n<figure class=\"wp-block-image size-large\"><a href=\"https:\/\/info.linckx.de\/en\/lookbook\/filz-forever\/taschen\/\"><img data-recalc-dims=\"1\" height=\"1024\" width=\"768\" decoding=\"async\" src=\"https:\/\/i0.wp.com\/shop.linckx.de\/wp-content\/uploads\/2019\/05\/NURI-beigemel-2_1200-768x1024.jpg?resize=768%2C1024&#038;ssl=1\" alt=\"\" class=\"wp-image-630\"\/><\/a><\/figure>\n\n\n\n<h4 class=\"wp-block-heading has-text-align-center\"><a href=\"https:\/\/info.linckx.de\/en\/lookbook\/filz-forever\/taschen\/\" data-type=\"page\" data-id=\"1510\">Taschen<\/a><\/h4>\n<\/div>\n\n\n\n<div class=\"wp-block-column is-layout-flow wp-block-column-is-layout-flow\">\n<figure class=\"wp-block-image size-large\"><a href=\"https:\/\/info.linckx.de\/en\/lookbook\/filz-forever\/rucksaecke-convertibles\/\"><img data-recalc-dims=\"1\" height=\"1024\" width=\"768\" decoding=\"async\" src=\"https:\/\/i0.wp.com\/shop.linckx.de\/wp-content\/uploads\/2019\/12\/ELIAS-MatMix-naturbraun-1a_1200-768x1024.jpg?resize=768%2C1024&#038;ssl=1\" alt=\"\" class=\"wp-image-1458\"\/><\/a><\/figure>\n\n\n\n<h4 class=\"wp-block-heading has-text-align-center\"><a href=\"https:\/\/info.linckx.de\/en\/lookbook\/filz-forever\/rucksaecke-convertibles\/\" data-type=\"page\" data-id=\"1512\">Rucks\u00e4cke, Convertibles<\/a><\/h4>\n<\/div>\n\n\n\n<div class=\"wp-block-column is-layout-flow wp-block-column-is-layout-flow\">\n<figure class=\"wp-block-image size-large\"><a href=\"https:\/\/info.linckx.de\/en\/lookbook\/filz-forever\/etuis-boersen-schluesselanhaenger\/\"><img data-recalc-dims=\"1\" height=\"980\" width=\"980\" decoding=\"async\" src=\"https:\/\/i0.wp.com\/shop.linckx.de\/wp-content\/uploads\/2020\/01\/Etuis-KatBild_1200q-1024x1024.jpg?resize=980%2C980&#038;ssl=1\" alt=\"\" class=\"wp-image-2176\"\/><\/a><\/figure>\n\n\n\n<h4 class=\"wp-block-heading has-text-align-center\"><a href=\"https:\/\/info.linckx.de\/en\/lookbook\/filz-forever\/etuis-boersen-schluesselanhaenger\/\" data-type=\"page\" data-id=\"1514\">Etuis, <a href=\"https:\/\/info.linckx.de\/en\/lookbook\/filz-forever\/etuis-boersen-schluesselanhaenger\/\">B\u00f6rsen,<\/a><\/a> <a href=\"https:\/\/info.linckx.de\/en\/lookbook\/filz-forever\/etuis-boersen-schluesselanhaenger\/\" data-type=\"page\" data-id=\"1514\"><a href=\"https:\/\/info.linckx.de\/en\/lookbook\/filz-forever\/etuis-boersen-schluesselanhaenger\/\"><\/a>Schl\u00fcsselanh\u00e4nger<\/a><\/h4>\n<\/div>\n<\/div>\n\n\n\n<div class=\"wp-block-columns is-layout-flex wp-container-core-columns-is-layout-28f84493 wp-block-columns-is-layout-flex\">\n<div class=\"wp-block-column is-layout-flow wp-block-column-is-layout-flow\">\n<figure class=\"wp-block-image size-large\"><a href=\"https:\/\/info.linckx.de\/en\/lookbook\/filz-forever\/wohnaccessoires\/\"><img data-recalc-dims=\"1\" decoding=\"async\" src=\"https:\/\/i0.wp.com\/shop.linckx.de\/wp-content\/uploads\/2019\/12\/BOBO-org-Boden_1200.jpg?w=980&#038;ssl=1\" alt=\"\" class=\"wp-image-1625\"\/><\/a><\/figure>\n\n\n\n<h4 class=\"wp-block-heading has-text-align-center\"><a href=\"https:\/\/info.linckx.de\/en\/lookbook\/filz-forever\/wohnaccessoires\/\" data-type=\"page\" data-id=\"1516\">Wohnaccessoires<\/a><\/h4>\n<\/div>\n\n\n\n<div class=\"wp-block-column is-layout-flow wp-block-column-is-layout-flow\">\n<figure class=\"wp-block-image size-large\"><a href=\"https:\/\/info.linckx.de\/en\/lookbook\/filz-forever\/alpiner-lifestyle\/\"><img data-recalc-dims=\"1\" height=\"1024\" width=\"768\" decoding=\"async\" src=\"https:\/\/i0.wp.com\/shop.linckx.de\/wp-content\/uploads\/2019\/11\/CHRISTL-graumel-LdPk-His-1_900-768x1024.jpg?resize=768%2C1024&#038;ssl=1\" alt=\"\" class=\"wp-image-3628\"\/><\/a><\/figure>\n\n\n\n<h4 class=\"wp-block-heading has-text-align-center\"><a href=\"https:\/\/info.linckx.de\/en\/lookbook\/filz-forever\/alpiner-lifestyle\/\" data-type=\"page\" data-id=\"1518\">Alpiner Lifestyle<\/a><\/h4>\n<\/div>\n\n\n\n<div class=\"wp-block-column is-layout-flow wp-block-column-is-layout-flow\"><\/div>\n<\/div>\n\n\n\n<p class=\"has-text-align-center has-background\" style=\"background-color:#e9e9e9\">Alle unsere Produkte sind komplett <strong>made in Germany<\/strong> &#8211;  produziert wird in kleinen N\u00e4hbetrieben in Sachsen und Norddeutschland sowie in unserer M\u00fcnchner Werkstatt.<\/p>","protected":false},"excerpt":{"rendered":"<p>Diese Produktlinie bietet Shopper und Botentaschen, Trachtentaschen, Smartphone-Etuis und Wohnaccessoires wie z.B. Filzpantoffel. Dabei verwenden wir vor allem reine Wollfilze und Wollfilz-Mischungen, aber auch neue Entwicklungen wie z.B. einen PET-Filz aus recycelten Plastikflaschen. Taschen Rucks\u00e4cke, Convertibles Etuis, B\u00f6rsen, Schl\u00fcsselanh\u00e4nger Wohnaccessoires Alpiner Lifestyle Alle unsere Produkte sind komplett made in Germany &#8211; produziert wird in kleinen [&hellip;]<\/p>\n","protected":false},"author":1,"featured_media":0,"parent":1436,"menu_order":10,"comment_status":"closed","ping_status":"closed","template":"template-fullwidth.php","meta":{"footnotes":""},"class_list":["post-1439","page","type-page","status-publish","hentry"],"jetpack_sharing_enabled":true,"_links":{"self":[{"href":"https:\/\/info.linckx.de\/en\/wp-json\/wp\/v2\/pages\/1439","targetHints":{"allow":["GET"]}}],"collection":[{"href":"https:\/\/info.linckx.de\/en\/wp-json\/wp\/v2\/pages"}],"about":[{"href":"https:\/\/info.linckx.de\/en\/wp-json\/wp\/v2\/types\/page"}],"author":[{"embeddable":true,"href":"https:\/\/info.linckx.de\/en\/wp-json\/wp\/v2\/users\/1"}],"replies":[{"embeddable":true,"href":"https:\/\/info.linckx.de\/en\/wp-json\/wp\/v2\/comments?post=1439"}],"version-history":[{"count":7,"href":"https:\/\/info.linckx.de\/en\/wp-json\/wp\/v2\/pages\/1439\/revisions"}],"predecessor-version":[{"id":1834,"href":"https:\/\/info.linckx.de\/en\/wp-json\/wp\/v2\/pages\/1439\/revisions\/1834"}],"up":[{"embeddable":true,"href":"https:\/\/info.linckx.de\/en\/wp-json\/wp\/v2\/pages\/1436"}],"wp:attachment":[{"href":"https:\/\/info.linckx.de\/en\/wp-json\/wp\/v2\/media?parent=1439"}],"curies":[{"name":"wp","href":"https:\/\/api.w.org\/{rel}","templated":true}]}}